{"id":15338,"date":"2026-03-12T12:36:23","date_gmt":"2026-03-12T11:36:23","guid":{"rendered":"https:\/\/azurally.com\/inteligencia-artificial\/artigos-inteligencia-artificial\/que-es-un-mcp-model-context-protocol-como-preparar-a-tu-empresa-para-los-agentes-personalizados-con-tu-propio-mcp"},"modified":"2026-03-16T13:20:35","modified_gmt":"2026-03-16T12:20:35","slug":"o-que-e-um-mcp-model-context-protocol-e-como-preparar-a-sua-empresa-para-agentes-personalizados","status":"publish","type":"page","link":"https:\/\/azurally.com\/pt\/inteligencia-artificial\/artigos-inteligencia-artificial\/o-que-e-um-mcp-model-context-protocol-e-como-preparar-a-sua-empresa-para-agentes-personalizados","title":{"rendered":"O que \u00e9 um MCP (Model Context Protocol)? Como preparar a sua empresa para agentes personalizados com o seu pr\u00f3prio MCP?"},"content":{"rendered":"","protected":false},"excerpt":{"rendered":"<p>Se no meu \u00faltimo artigo falava de agentes de IA personalizados como a nova era da automatiza\u00e7\u00e3o empresarial, hoje \u00e9 altura de aprofundar a infraestrutura que faz com que estes agentes realmente funcionem: o Model Context Protocol (MCP).<\/p>\n","protected":false},"author":4,"featured_media":15330,"parent":13941,"menu_order":0,"comment_status":"closed","ping_status":"closed","template":"page-publicacion.php","meta":{"_acf_changed":false,"footnotes":""},"categories":[428,437],"class_list":["post-15338","page","type-page","status-publish","has-post-thumbnail","hentry","category-publicacoes","category-publicacoes-ia"],"acf":[],"_links":{"self":[{"href":"https:\/\/azurally.com\/pt\/wp-json\/wp\/v2\/pages\/15338","targetHints":{"allow":["GET"]}}],"collection":[{"href":"https:\/\/azurally.com\/pt\/wp-json\/wp\/v2\/pages"}],"about":[{"href":"https:\/\/azurally.com\/pt\/wp-json\/wp\/v2\/types\/page"}],"author":[{"embeddable":true,"href":"https:\/\/azurally.com\/pt\/wp-json\/wp\/v2\/users\/4"}],"replies":[{"embeddable":true,"href":"https:\/\/azurally.com\/pt\/wp-json\/wp\/v2\/comments?post=15338"}],"version-history":[{"count":0,"href":"https:\/\/azurally.com\/pt\/wp-json\/wp\/v2\/pages\/15338\/revisions"}],"up":[{"embeddable":true,"href":"https:\/\/azurally.com\/pt\/wp-json\/wp\/v2\/pages\/13941"}],"wp:featuredmedia":[{"embeddable":true,"href":"https:\/\/azurally.com\/pt\/wp-json\/wp\/v2\/media\/15330"}],"wp:attachment":[{"href":"https:\/\/azurally.com\/pt\/wp-json\/wp\/v2\/media?parent=15338"}],"wp:term":[{"taxonomy":"category","embeddable":true,"href":"https:\/\/azurally.com\/pt\/wp-json\/wp\/v2\/categories?post=15338"}],"curies":[{"name":"wp","href":"https:\/\/api.w.org\/{rel}","templated":true}]}}