{"id":15321,"date":"2026-03-12T09:21:36","date_gmt":"2026-03-12T08:21:36","guid":{"rendered":"https:\/\/azurally.com\/inteligencia-artificial\/artigos-inteligencia-artificial\/custom-ai-agents-the-new-era-of-business-automation"},"modified":"2026-03-12T12:03:43","modified_gmt":"2026-03-12T11:03:43","slug":"agentes-de-ia-personalizados-nova-era-automacao-empresarial","status":"publish","type":"page","link":"https:\/\/azurally.com\/pt\/inteligencia-artificial\/artigos-inteligencia-artificial\/agentes-de-ia-personalizados-nova-era-automacao-empresarial","title":{"rendered":"Agentes de IA personalizados: a nova era da automa\u00e7\u00e3o empresarial"},"content":{"rendered":"","protected":false},"excerpt":{"rendered":"<p>Nos \u00faltimos meses pass\u00e1mos de perguntar \u201co que pode fazer a IA?\u201d para come\u00e7ar a questionar \u201ccomo fazemos com que a IA trabalhe especificamente para n\u00f3s?\u201d. Esta (r)evolu\u00e7\u00e3o que estamos a viver, impulsionada pelos avan\u00e7os de modelos como Gemini, Claude ou ChatGPT, est\u00e1 a democratizar o seu uso e a competir para se tornar uma parte indivis\u00edvel das nossas equipas e da opera\u00e7\u00e3o di\u00e1ria nas empresas.<\/p>\n","protected":false},"author":4,"featured_media":15315,"parent":13941,"menu_order":0,"comment_status":"closed","ping_status":"closed","template":"page-publicacion.php","meta":{"_acf_changed":false,"footnotes":""},"categories":[428,437],"class_list":["post-15321","page","type-page","status-publish","has-post-thumbnail","hentry","category-publicacoes","category-publicacoes-ia"],"acf":[],"_links":{"self":[{"href":"https:\/\/azurally.com\/pt\/wp-json\/wp\/v2\/pages\/15321","targetHints":{"allow":["GET"]}}],"collection":[{"href":"https:\/\/azurally.com\/pt\/wp-json\/wp\/v2\/pages"}],"about":[{"href":"https:\/\/azurally.com\/pt\/wp-json\/wp\/v2\/types\/page"}],"author":[{"embeddable":true,"href":"https:\/\/azurally.com\/pt\/wp-json\/wp\/v2\/users\/4"}],"replies":[{"embeddable":true,"href":"https:\/\/azurally.com\/pt\/wp-json\/wp\/v2\/comments?post=15321"}],"version-history":[{"count":0,"href":"https:\/\/azurally.com\/pt\/wp-json\/wp\/v2\/pages\/15321\/revisions"}],"up":[{"embeddable":true,"href":"https:\/\/azurally.com\/pt\/wp-json\/wp\/v2\/pages\/13941"}],"wp:featuredmedia":[{"embeddable":true,"href":"https:\/\/azurally.com\/pt\/wp-json\/wp\/v2\/media\/15315"}],"wp:attachment":[{"href":"https:\/\/azurally.com\/pt\/wp-json\/wp\/v2\/media?parent=15321"}],"wp:term":[{"taxonomy":"category","embeddable":true,"href":"https:\/\/azurally.com\/pt\/wp-json\/wp\/v2\/categories?post=15321"}],"curies":[{"name":"wp","href":"https:\/\/api.w.org\/{rel}","templated":true}]}}