{"id":15292,"date":"2026-03-04T12:05:47","date_gmt":"2026-03-04T11:05:47","guid":{"rendered":"https:\/\/azurally.com\/agencia-digital\/seo\/artigos-seo\/la-busqueda-fluida-seamless-search-ya-esta-aqui-vamos-a-perder-mas-trafico-del-que-imaginamos"},"modified":"2026-03-04T15:29:07","modified_gmt":"2026-03-04T14:29:07","slug":"a-pesquisa-fluida-seamless-search-ja-esta-disponivel-vamos-perder-muito-mais-trafego-do-que-pensavamos","status":"publish","type":"page","link":"https:\/\/azurally.com\/pt\/agencia-digital\/seo\/artigos-seo\/a-pesquisa-fluida-seamless-search-ja-esta-disponivel-vamos-perder-muito-mais-trafego-do-que-pensavamos","title":{"rendered":"A pesquisa fluida (Seamless Search) j\u00e1 est\u00e1 dispon\u00edvel: vamos perder muito mais tr\u00e1fego do que pens\u00e1vamos"},"content":{"rendered":"","protected":false},"excerpt":{"rendered":"<p>Dos AI Overviews ao AI Mode sem obst\u00e1culos: o novo paradigma que obriga a repensar a estrat\u00e9gia digital a partir da Pegada Digital Generativa.<\/p>\n","protected":false},"author":13,"featured_media":15287,"parent":13896,"menu_order":0,"comment_status":"closed","ping_status":"closed","template":"page-publicacion.php","meta":{"_acf_changed":false,"footnotes":""},"categories":[428,429],"class_list":["post-15292","page","type-page","status-publish","has-post-thumbnail","hentry","category-publicacoes","category-artigos-seo"],"acf":[],"_links":{"self":[{"href":"https:\/\/azurally.com\/pt\/wp-json\/wp\/v2\/pages\/15292","targetHints":{"allow":["GET"]}}],"collection":[{"href":"https:\/\/azurally.com\/pt\/wp-json\/wp\/v2\/pages"}],"about":[{"href":"https:\/\/azurally.com\/pt\/wp-json\/wp\/v2\/types\/page"}],"author":[{"embeddable":true,"href":"https:\/\/azurally.com\/pt\/wp-json\/wp\/v2\/users\/13"}],"replies":[{"embeddable":true,"href":"https:\/\/azurally.com\/pt\/wp-json\/wp\/v2\/comments?post=15292"}],"version-history":[{"count":0,"href":"https:\/\/azurally.com\/pt\/wp-json\/wp\/v2\/pages\/15292\/revisions"}],"up":[{"embeddable":true,"href":"https:\/\/azurally.com\/pt\/wp-json\/wp\/v2\/pages\/13896"}],"wp:featuredmedia":[{"embeddable":true,"href":"https:\/\/azurally.com\/pt\/wp-json\/wp\/v2\/media\/15287"}],"wp:attachment":[{"href":"https:\/\/azurally.com\/pt\/wp-json\/wp\/v2\/media?parent=15292"}],"wp:term":[{"taxonomy":"category","embeddable":true,"href":"https:\/\/azurally.com\/pt\/wp-json\/wp\/v2\/categories?post=15292"}],"curies":[{"name":"wp","href":"https:\/\/api.w.org\/{rel}","templated":true}]}}