{"id":14981,"date":"2024-10-21T13:21:21","date_gmt":"2024-10-21T11:21:21","guid":{"rendered":"https:\/\/azurally.com\/agencia-digital\/rp"},"modified":"2026-02-26T10:03:56","modified_gmt":"2026-02-26T09:03:56","slug":"relacoes-publicas","status":"publish","type":"page","link":"https:\/\/azurally.com\/pt\/agencia-digital\/relacoes-publicas","title":{"rendered":"Ag\u00eancia de Rela\u00e7\u00f5es P\u00fablicas"},"content":{"rendered":"","protected":false},"excerpt":{"rendered":"","protected":false},"author":4,"featured_media":0,"parent":13714,"menu_order":0,"comment_status":"closed","ping_status":"closed","template":"page-departamento-interior.php","meta":{"_acf_changed":false,"footnotes":""},"categories":[443],"class_list":["post-14981","page","type-page","status-publish","hentry","category-servicos"],"acf":[],"_links":{"self":[{"href":"https:\/\/azurally.com\/pt\/wp-json\/wp\/v2\/pages\/14981","targetHints":{"allow":["GET"]}}],"collection":[{"href":"https:\/\/azurally.com\/pt\/wp-json\/wp\/v2\/pages"}],"about":[{"href":"https:\/\/azurally.com\/pt\/wp-json\/wp\/v2\/types\/page"}],"author":[{"embeddable":true,"href":"https:\/\/azurally.com\/pt\/wp-json\/wp\/v2\/users\/4"}],"replies":[{"embeddable":true,"href":"https:\/\/azurally.com\/pt\/wp-json\/wp\/v2\/comments?post=14981"}],"version-history":[{"count":0,"href":"https:\/\/azurally.com\/pt\/wp-json\/wp\/v2\/pages\/14981\/revisions"}],"up":[{"embeddable":true,"href":"https:\/\/azurally.com\/pt\/wp-json\/wp\/v2\/pages\/13714"}],"wp:attachment":[{"href":"https:\/\/azurally.com\/pt\/wp-json\/wp\/v2\/media?parent=14981"}],"wp:term":[{"taxonomy":"category","embeddable":true,"href":"https:\/\/azurally.com\/pt\/wp-json\/wp\/v2\/categories?post=14981"}],"curies":[{"name":"wp","href":"https:\/\/api.w.org\/{rel}","templated":true}]}}