{"id":14980,"date":"2024-10-21T14:02:12","date_gmt":"2024-10-21T12:02:12","guid":{"rendered":"https:\/\/azurally.com\/agencia-digital\/meios-de-comunicacao-social-pagos\/tendencias-dos-meios-de-comunicacao-social-pagos"},"modified":"2026-02-16T14:03:24","modified_gmt":"2026-02-16T13:03:24","slug":"tendencias-dos-meios-de-comunicacao-social-pagos","status":"publish","type":"page","link":"https:\/\/azurally.com\/pt\/agencia-digital\/paid-media\/tendencias-dos-meios-de-comunicacao-social-pagos","title":{"rendered":"Tend\u00eancias dos meios de comunica\u00e7\u00e3o social pagos"},"content":{"rendered":"","protected":false},"excerpt":{"rendered":"","protected":false},"author":4,"featured_media":0,"parent":14645,"menu_order":0,"comment_status":"closed","ping_status":"closed","template":"page-departamento.php","meta":{"_acf_changed":false,"footnotes":""},"categories":[],"class_list":["post-14980","page","type-page","status-publish","hentry"],"acf":[],"_links":{"self":[{"href":"https:\/\/azurally.com\/pt\/wp-json\/wp\/v2\/pages\/14980","targetHints":{"allow":["GET"]}}],"collection":[{"href":"https:\/\/azurally.com\/pt\/wp-json\/wp\/v2\/pages"}],"about":[{"href":"https:\/\/azurally.com\/pt\/wp-json\/wp\/v2\/types\/page"}],"author":[{"embeddable":true,"href":"https:\/\/azurally.com\/pt\/wp-json\/wp\/v2\/users\/4"}],"replies":[{"embeddable":true,"href":"https:\/\/azurally.com\/pt\/wp-json\/wp\/v2\/comments?post=14980"}],"version-history":[{"count":0,"href":"https:\/\/azurally.com\/pt\/wp-json\/wp\/v2\/pages\/14980\/revisions"}],"up":[{"embeddable":true,"href":"https:\/\/azurally.com\/pt\/wp-json\/wp\/v2\/pages\/14645"}],"wp:attachment":[{"href":"https:\/\/azurally.com\/pt\/wp-json\/wp\/v2\/media?parent=14980"}],"wp:term":[{"taxonomy":"category","embeddable":true,"href":"https:\/\/azurally.com\/pt\/wp-json\/wp\/v2\/categories?post=14980"}],"curies":[{"name":"wp","href":"https:\/\/api.w.org\/{rel}","templated":true}]}}