{"id":14968,"date":"2024-10-07T15:57:49","date_gmt":"2024-10-07T13:57:49","guid":{"rendered":"https:\/\/azurally.com\/desenvolvimento\/artigos-desenvolvimento-web\/20-dicas-para-escrever-na-web"},"modified":"2026-03-03T10:30:30","modified_gmt":"2026-03-03T09:30:30","slug":"20-dicas-escrever-web","status":"publish","type":"page","link":"https:\/\/azurally.com\/pt\/desenvolvimento-web\/artigos-desenvolvimento-web\/20-dicas-escrever-web","title":{"rendered":"20 Dicas para Escrever para Web"},"content":{"rendered":"","protected":false},"excerpt":{"rendered":"<p>A maioria dos utilizadores da Web n\u00e3o l\u00ea palavra por palavra (apenas 16% o fazem), como acontece com um livro, uma revista ou um jornal em papel. Isto deve-se principalmente ao facto de, num ecr\u00e3, n\u00e3o lermos \u00e0 dist\u00e2ncia certa, de a tipografia n\u00e3o ser muito leg\u00edvel e de pestanejarmos muito menos, o que faz com que os nossos olhos se cansem muito mais depressa. <\/p>\n","protected":false},"author":4,"featured_media":14970,"parent":13926,"menu_order":0,"comment_status":"closed","ping_status":"closed","template":"page-publicacion.php","meta":{"_acf_changed":false,"footnotes":""},"categories":[456,428,491],"class_list":["post-14968","page","type-page","status-publish","has-post-thumbnail","hentry","category-desenvolvimento-de-publicacoes","category-publicacoes","category-artigos-desenvolvimento-web"],"acf":[],"_links":{"self":[{"href":"https:\/\/azurally.com\/pt\/wp-json\/wp\/v2\/pages\/14968","targetHints":{"allow":["GET"]}}],"collection":[{"href":"https:\/\/azurally.com\/pt\/wp-json\/wp\/v2\/pages"}],"about":[{"href":"https:\/\/azurally.com\/pt\/wp-json\/wp\/v2\/types\/page"}],"author":[{"embeddable":true,"href":"https:\/\/azurally.com\/pt\/wp-json\/wp\/v2\/users\/4"}],"replies":[{"embeddable":true,"href":"https:\/\/azurally.com\/pt\/wp-json\/wp\/v2\/comments?post=14968"}],"version-history":[{"count":0,"href":"https:\/\/azurally.com\/pt\/wp-json\/wp\/v2\/pages\/14968\/revisions"}],"up":[{"embeddable":true,"href":"https:\/\/azurally.com\/pt\/wp-json\/wp\/v2\/pages\/13926"}],"wp:featuredmedia":[{"embeddable":true,"href":"https:\/\/azurally.com\/pt\/wp-json\/wp\/v2\/media\/14970"}],"wp:attachment":[{"href":"https:\/\/azurally.com\/pt\/wp-json\/wp\/v2\/media?parent=14968"}],"wp:term":[{"taxonomy":"category","embeddable":true,"href":"https:\/\/azurally.com\/pt\/wp-json\/wp\/v2\/categories?post=14968"}],"curies":[{"name":"wp","href":"https:\/\/api.w.org\/{rel}","templated":true}]}}