{"id":14957,"date":"2024-10-16T18:01:50","date_gmt":"2024-10-16T16:01:50","guid":{"rendered":"https:\/\/azurally.com\/desenvolvimento\/artigos-desenvolvimento-web\/johnson-controls-hitachi-air-conditioning-e-azurally-juntos-para-um-futuro-sustentavel"},"modified":"2026-02-26T09:19:56","modified_gmt":"2026-02-26T08:19:56","slug":"johnson-controls-hitachi-futuro-sustentavel","status":"publish","type":"page","link":"https:\/\/azurally.com\/pt\/desenvolvimento-web\/artigos-desenvolvimento-web\/johnson-controls-hitachi-futuro-sustentavel","title":{"rendered":"Johnson Controls &#038; Hitachi &#8211; Futuro Sustent\u00e1vel"},"content":{"rendered":"","protected":false},"excerpt":{"rendered":"<p>Por vezes, surgem projectos interessantes e desafiantes que t\u00eam benef\u00edcios para al\u00e9m do mundo profissional. Poder dar o nosso contributo para problemas que afectam o mundo inteiro, como a luta contra o aquecimento global, \u00e9 sempre muito gratificante. Foi exatamente isso que conseguimos com o briefing que recebemos da Johnson Controls &#8211; Hitachi Air Conditioning, um dos l\u00edderes mundiais em sistemas de ar condicionado, nascido da uni\u00e3o de duas empresas pioneiras com mais de 100 anos de hist\u00f3ria cada.  <\/p>\n","protected":false},"author":4,"featured_media":14959,"parent":13926,"menu_order":0,"comment_status":"closed","ping_status":"closed","template":"page-publicacion.php","meta":{"_acf_changed":false,"footnotes":""},"categories":[456,428,491],"class_list":["post-14957","page","type-page","status-publish","has-post-thumbnail","hentry","category-desenvolvimento-de-publicacoes","category-publicacoes","category-artigos-desenvolvimento-web"],"acf":[],"_links":{"self":[{"href":"https:\/\/azurally.com\/pt\/wp-json\/wp\/v2\/pages\/14957","targetHints":{"allow":["GET"]}}],"collection":[{"href":"https:\/\/azurally.com\/pt\/wp-json\/wp\/v2\/pages"}],"about":[{"href":"https:\/\/azurally.com\/pt\/wp-json\/wp\/v2\/types\/page"}],"author":[{"embeddable":true,"href":"https:\/\/azurally.com\/pt\/wp-json\/wp\/v2\/users\/4"}],"replies":[{"embeddable":true,"href":"https:\/\/azurally.com\/pt\/wp-json\/wp\/v2\/comments?post=14957"}],"version-history":[{"count":0,"href":"https:\/\/azurally.com\/pt\/wp-json\/wp\/v2\/pages\/14957\/revisions"}],"up":[{"embeddable":true,"href":"https:\/\/azurally.com\/pt\/wp-json\/wp\/v2\/pages\/13926"}],"wp:featuredmedia":[{"embeddable":true,"href":"https:\/\/azurally.com\/pt\/wp-json\/wp\/v2\/media\/14959"}],"wp:attachment":[{"href":"https:\/\/azurally.com\/pt\/wp-json\/wp\/v2\/media?parent=14957"}],"wp:term":[{"taxonomy":"category","embeddable":true,"href":"https:\/\/azurally.com\/pt\/wp-json\/wp\/v2\/categories?post=14957"}],"curies":[{"name":"wp","href":"https:\/\/api.w.org\/{rel}","templated":true}]}}