{"id":14951,"date":"2024-10-16T17:39:20","date_gmt":"2024-10-16T15:39:20","guid":{"rendered":"https:\/\/azurally.com\/desenvolvimento\/artigos-desenvolvimento-web\/scrum-como-uma-estrutura-agil"},"modified":"2026-03-03T10:30:09","modified_gmt":"2026-03-03T09:30:09","slug":"scrum-framework-agil","status":"publish","type":"page","link":"https:\/\/azurally.com\/pt\/desenvolvimento-web\/artigos-desenvolvimento-web\/scrum-framework-agil","title":{"rendered":"Scrum como Framework \u00c1gil"},"content":{"rendered":"","protected":false},"excerpt":{"rendered":"<p>Na Azurally, entendemos que, se n\u00e3o fores \u00e1gil no desenvolvimento e execu\u00e7\u00e3o dos projectos, no final, tudo demora mais tempo, fica mais caro e quase nunca se concretiza. Por isso, gera insatisfa\u00e7\u00e3o nos clientes, frustra\u00e7\u00e3o nas equipas e a impossibilidade de fazermos o que mais gostamos, que \u00e9 sermos os companheiros de viagem dos nossos clientes at\u00e9 atingirem os seus objectivos. <\/p>\n","protected":false},"author":4,"featured_media":14953,"parent":13926,"menu_order":0,"comment_status":"closed","ping_status":"closed","template":"page-publicacion.php","meta":{"_acf_changed":false,"footnotes":""},"categories":[456,428,491],"class_list":["post-14951","page","type-page","status-publish","has-post-thumbnail","hentry","category-desenvolvimento-de-publicacoes","category-publicacoes","category-artigos-desenvolvimento-web"],"acf":[],"_links":{"self":[{"href":"https:\/\/azurally.com\/pt\/wp-json\/wp\/v2\/pages\/14951","targetHints":{"allow":["GET"]}}],"collection":[{"href":"https:\/\/azurally.com\/pt\/wp-json\/wp\/v2\/pages"}],"about":[{"href":"https:\/\/azurally.com\/pt\/wp-json\/wp\/v2\/types\/page"}],"author":[{"embeddable":true,"href":"https:\/\/azurally.com\/pt\/wp-json\/wp\/v2\/users\/4"}],"replies":[{"embeddable":true,"href":"https:\/\/azurally.com\/pt\/wp-json\/wp\/v2\/comments?post=14951"}],"version-history":[{"count":0,"href":"https:\/\/azurally.com\/pt\/wp-json\/wp\/v2\/pages\/14951\/revisions"}],"up":[{"embeddable":true,"href":"https:\/\/azurally.com\/pt\/wp-json\/wp\/v2\/pages\/13926"}],"wp:featuredmedia":[{"embeddable":true,"href":"https:\/\/azurally.com\/pt\/wp-json\/wp\/v2\/media\/14953"}],"wp:attachment":[{"href":"https:\/\/azurally.com\/pt\/wp-json\/wp\/v2\/media?parent=14951"}],"wp:term":[{"taxonomy":"category","embeddable":true,"href":"https:\/\/azurally.com\/pt\/wp-json\/wp\/v2\/categories?post=14951"}],"curies":[{"name":"wp","href":"https:\/\/api.w.org\/{rel}","templated":true}]}}