{"id":14948,"date":"2024-10-15T17:10:08","date_gmt":"2024-10-15T15:10:08","guid":{"rendered":"https:\/\/azurally.com\/agencia-digital\/criatividade\/artigos-criatividade\/a-inteligencia-artificial-e-a-criatividade-sera-uma-ameaca"},"modified":"2026-02-26T09:46:33","modified_gmt":"2026-02-26T08:46:33","slug":"ia-criatividade-ameaca","status":"publish","type":"page","link":"https:\/\/azurally.com\/pt\/agencia-digital\/criatividade\/artigos-criatividade\/ia-criatividade-ameaca","title":{"rendered":"Intelig\u00eancia Artificial e Criatividade: Ser\u00e1 uma Amea\u00e7a?"},"content":{"rendered":"","protected":false},"excerpt":{"rendered":"<p>&#8220;Os Androides Sonham com Ovelhas El\u00e9ctricas?&#8221; Este \u00e9 o t\u00edtulo de um dos meus livros de fic\u00e7\u00e3o cient\u00edfica favoritos do escritor Philip K. Dick. Um livro que foi mais tarde adaptado pelo realizador Ridley Scott no filme Blade Runner, outra obra-prima dos anos 80. O filme conta uma hist\u00f3ria de fic\u00e7\u00e3o sobre um futuro em que a IA est\u00e1 t\u00e3o avan\u00e7ada que os andr\u00f3ides se tornam completamente iguais aos humanos e imposs\u00edveis de distinguir. Algo que, ultimamente, tamb\u00e9m estamos a come\u00e7ar a imaginar com os t\u00e3o falados avan\u00e7os na intelig\u00eancia artificial e SEO, cria\u00e7\u00e3o de conte\u00fados e funcionalidades adicionais dos motores de busca. Mas quando se trata de intelig\u00eancia artificial e criatividade, ser\u00e1 que a primeira representa uma amea\u00e7a para a segunda?     <\/p>\n","protected":false},"author":6,"featured_media":13782,"parent":13923,"menu_order":0,"comment_status":"closed","ping_status":"closed","template":"page-publicacion.php","meta":{"_acf_changed":false,"footnotes":""},"categories":[428,445,446],"class_list":["post-14948","page","type-page","status-publish","has-post-thumbnail","hentry","category-publicacoes","category-publicacoes-criatividade","category-publicacoes-de-criatividade"],"acf":[],"_links":{"self":[{"href":"https:\/\/azurally.com\/pt\/wp-json\/wp\/v2\/pages\/14948","targetHints":{"allow":["GET"]}}],"collection":[{"href":"https:\/\/azurally.com\/pt\/wp-json\/wp\/v2\/pages"}],"about":[{"href":"https:\/\/azurally.com\/pt\/wp-json\/wp\/v2\/types\/page"}],"author":[{"embeddable":true,"href":"https:\/\/azurally.com\/pt\/wp-json\/wp\/v2\/users\/6"}],"replies":[{"embeddable":true,"href":"https:\/\/azurally.com\/pt\/wp-json\/wp\/v2\/comments?post=14948"}],"version-history":[{"count":0,"href":"https:\/\/azurally.com\/pt\/wp-json\/wp\/v2\/pages\/14948\/revisions"}],"up":[{"embeddable":true,"href":"https:\/\/azurally.com\/pt\/wp-json\/wp\/v2\/pages\/13923"}],"wp:featuredmedia":[{"embeddable":true,"href":"https:\/\/azurally.com\/pt\/wp-json\/wp\/v2\/media\/13782"}],"wp:attachment":[{"href":"https:\/\/azurally.com\/pt\/wp-json\/wp\/v2\/media?parent=14948"}],"wp:term":[{"taxonomy":"category","embeddable":true,"href":"https:\/\/azurally.com\/pt\/wp-json\/wp\/v2\/categories?post=14948"}],"curies":[{"name":"wp","href":"https:\/\/api.w.org\/{rel}","templated":true}]}}