{"id":14849,"date":"2024-09-02T13:08:05","date_gmt":"2024-09-02T11:08:05","guid":{"rendered":"https:\/\/azurally.com\/desenvolvimento\/solucoes-digitais\/integracoes-compostas-e-solucoes-de-middleware"},"modified":"2026-02-26T09:02:18","modified_gmt":"2026-02-26T08:02:18","slug":"integracoes-composable-solucoes-middleware","status":"publish","type":"page","link":"https:\/\/azurally.com\/pt\/desenvolvimento-web\/solucoes-digitais\/integracoes-composable-solucoes-middleware","title":{"rendered":"Integra\u00e7\u00f5es Composable e Solu\u00e7\u00f5es de Middleware"},"content":{"rendered":"","protected":false},"excerpt":{"rendered":"","protected":false},"author":4,"featured_media":0,"parent":14822,"menu_order":0,"comment_status":"closed","ping_status":"closed","template":"page-departamento-interior.php","meta":{"_acf_changed":false,"footnotes":""},"categories":[443],"class_list":["post-14849","page","type-page","status-publish","hentry","category-servicos"],"acf":[],"_links":{"self":[{"href":"https:\/\/azurally.com\/pt\/wp-json\/wp\/v2\/pages\/14849","targetHints":{"allow":["GET"]}}],"collection":[{"href":"https:\/\/azurally.com\/pt\/wp-json\/wp\/v2\/pages"}],"about":[{"href":"https:\/\/azurally.com\/pt\/wp-json\/wp\/v2\/types\/page"}],"author":[{"embeddable":true,"href":"https:\/\/azurally.com\/pt\/wp-json\/wp\/v2\/users\/4"}],"replies":[{"embeddable":true,"href":"https:\/\/azurally.com\/pt\/wp-json\/wp\/v2\/comments?post=14849"}],"version-history":[{"count":0,"href":"https:\/\/azurally.com\/pt\/wp-json\/wp\/v2\/pages\/14849\/revisions"}],"up":[{"embeddable":true,"href":"https:\/\/azurally.com\/pt\/wp-json\/wp\/v2\/pages\/14822"}],"wp:attachment":[{"href":"https:\/\/azurally.com\/pt\/wp-json\/wp\/v2\/media?parent=14849"}],"wp:term":[{"taxonomy":"category","embeddable":true,"href":"https:\/\/azurally.com\/pt\/wp-json\/wp\/v2\/categories?post=14849"}],"curies":[{"name":"wp","href":"https:\/\/api.w.org\/{rel}","templated":true}]}}