{"id":14810,"date":"2024-09-02T12:40:28","date_gmt":"2024-09-02T10:40:28","guid":{"rendered":"https:\/\/azurally.com\/agencia-digital\/dados-e-relatorios\/configuracao-e-implementacao-de-metricas"},"modified":"2026-02-26T09:48:09","modified_gmt":"2026-02-26T08:48:09","slug":"configuracao-implementacao-metricas","status":"publish","type":"page","link":"https:\/\/azurally.com\/pt\/agencia-digital\/data-e-reporting\/configuracao-implementacao-metricas","title":{"rendered":"Configura\u00e7\u00e3o e Implementa\u00e7\u00e3o de M\u00e9tricas Digitais"},"content":{"rendered":"","protected":false},"excerpt":{"rendered":"","protected":false},"author":4,"featured_media":0,"parent":14738,"menu_order":0,"comment_status":"closed","ping_status":"closed","template":"page-departamento-interior.php","meta":{"_acf_changed":false,"footnotes":""},"categories":[454,428,455,443],"class_list":["post-14810","page","type-page","status-publish","hentry","category-dados-de-publicacoes-e-relatorios","category-publicacoes","category-publicacoes-dados-e-relatorios","category-servicos"],"acf":[],"_links":{"self":[{"href":"https:\/\/azurally.com\/pt\/wp-json\/wp\/v2\/pages\/14810","targetHints":{"allow":["GET"]}}],"collection":[{"href":"https:\/\/azurally.com\/pt\/wp-json\/wp\/v2\/pages"}],"about":[{"href":"https:\/\/azurally.com\/pt\/wp-json\/wp\/v2\/types\/page"}],"author":[{"embeddable":true,"href":"https:\/\/azurally.com\/pt\/wp-json\/wp\/v2\/users\/4"}],"replies":[{"embeddable":true,"href":"https:\/\/azurally.com\/pt\/wp-json\/wp\/v2\/comments?post=14810"}],"version-history":[{"count":0,"href":"https:\/\/azurally.com\/pt\/wp-json\/wp\/v2\/pages\/14810\/revisions"}],"up":[{"embeddable":true,"href":"https:\/\/azurally.com\/pt\/wp-json\/wp\/v2\/pages\/14738"}],"wp:attachment":[{"href":"https:\/\/azurally.com\/pt\/wp-json\/wp\/v2\/media?parent=14810"}],"wp:term":[{"taxonomy":"category","embeddable":true,"href":"https:\/\/azurally.com\/pt\/wp-json\/wp\/v2\/categories?post=14810"}],"curies":[{"name":"wp","href":"https:\/\/api.w.org\/{rel}","templated":true}]}}