{"id":14457,"date":"2023-10-07T13:38:48","date_gmt":"2023-10-07T11:38:48","guid":{"rendered":"https:\/\/azurally.com\/artigos-desenvolvimento-web\/plataformas-dmp-e-automacao-de-marketing-um-conjunto-imparavel"},"modified":"2026-03-03T10:31:23","modified_gmt":"2026-03-03T09:31:23","slug":"plataformas-dmp-marketing-automation","status":"publish","type":"page","link":"https:\/\/azurally.com\/pt\/desenvolvimento-web\/artigos-desenvolvimento-web\/plataformas-dmp-marketing-automation","title":{"rendered":"Plataformas DMP e Marketing Automation"},"content":{"rendered":"","protected":false},"excerpt":{"rendered":"<p>Vivemos num mundo interligado em que operamos atrav\u00e9s de um grande n\u00famero de canais, tanto digitais como f\u00edsicos. Para empresas de todos os sectores e dimens\u00f5es, esta \u00e9 uma grande oportunidade, mas tamb\u00e9m um desafio. A primeira coisa em que temos de pensar \u00e9 no marketing, depois temos de pensar no marketing, depois temos de pensar no marketing em termos de &#8220;redes sociais&#8221;, &#8220;conte\u00fados&#8221;, &#8220;digital&#8221;, &#8220;omnicanal&#8221;, &#8220;automa\u00e7\u00e3o&#8221; e assim por diante. O objetivo de qualquer t\u00e9cnica de marketing \u00e9 melhorar os nossos resultados, cada uma dentro da sua compet\u00eancia. Estes &#8220;apelidos&#8221; devem ser introduzidos em fun\u00e7\u00e3o dos objectivos e das necessidades da nossa empresa. Tendo trabalhado durante anos como especialista em MA, constatei que muitas empresas realizam ac\u00e7\u00f5es de marketing sem estrutura. Isto cria ac\u00e7\u00f5es redundantes e aumenta os custos, tanto de produ\u00e7\u00e3o como de investimento. Por esta raz\u00e3o, acredito que existem 2 conceitos chave nos quais todas as ac\u00e7\u00f5es se devem basear: Plataformas de Gest\u00e3o de Dados (DMP) e Automa\u00e7\u00e3o de Marketing.       <\/p>\n","protected":false},"author":4,"featured_media":14461,"parent":13926,"menu_order":0,"comment_status":"closed","ping_status":"closed","template":"page-publicacion.php","meta":{"_acf_changed":false,"footnotes":""},"categories":[456,428,491],"class_list":["post-14457","page","type-page","status-publish","has-post-thumbnail","hentry","category-desenvolvimento-de-publicacoes","category-publicacoes","category-artigos-desenvolvimento-web"],"acf":[],"_links":{"self":[{"href":"https:\/\/azurally.com\/pt\/wp-json\/wp\/v2\/pages\/14457","targetHints":{"allow":["GET"]}}],"collection":[{"href":"https:\/\/azurally.com\/pt\/wp-json\/wp\/v2\/pages"}],"about":[{"href":"https:\/\/azurally.com\/pt\/wp-json\/wp\/v2\/types\/page"}],"author":[{"embeddable":true,"href":"https:\/\/azurally.com\/pt\/wp-json\/wp\/v2\/users\/4"}],"replies":[{"embeddable":true,"href":"https:\/\/azurally.com\/pt\/wp-json\/wp\/v2\/comments?post=14457"}],"version-history":[{"count":0,"href":"https:\/\/azurally.com\/pt\/wp-json\/wp\/v2\/pages\/14457\/revisions"}],"up":[{"embeddable":true,"href":"https:\/\/azurally.com\/pt\/wp-json\/wp\/v2\/pages\/13926"}],"wp:featuredmedia":[{"embeddable":true,"href":"https:\/\/azurally.com\/pt\/wp-json\/wp\/v2\/media\/14461"}],"wp:attachment":[{"href":"https:\/\/azurally.com\/pt\/wp-json\/wp\/v2\/media?parent=14457"}],"wp:term":[{"taxonomy":"category","embeddable":true,"href":"https:\/\/azurally.com\/pt\/wp-json\/wp\/v2\/categories?post=14457"}],"curies":[{"name":"wp","href":"https:\/\/api.w.org\/{rel}","templated":true}]}}