{"id":14019,"date":"2025-07-21T10:24:51","date_gmt":"2025-07-21T08:24:51","guid":{"rendered":"https:\/\/azurally.com\/artigos-seo\/a-ascensao-da-pesquisa-conversacional-no-sector-farmaceutico"},"modified":"2026-02-27T13:18:31","modified_gmt":"2026-02-27T12:18:31","slug":"ascensao-pesquisa-conversacional-setor-farmaceutico","status":"publish","type":"page","link":"https:\/\/azurally.com\/pt\/agencia-digital\/seo\/artigos-seo\/ascensao-pesquisa-conversacional-setor-farmaceutico","title":{"rendered":"Pesquisa Conversacional no Setor Farmac\u00eautico"},"content":{"rendered":"","protected":false},"excerpt":{"rendered":"<p>A forma como os utilizadores fazem consultas a motores de pesquisa mais tradicionais, como o Google ou o Bing, e a motores de pesquisa baseados em IA, como o Gemini ou o ChatGPT, evoluiu para um formato mais conversacional. Alguns dos factores que influenciaram esta tend\u00eancia s\u00e3o o aumento destas ferramentas de IA ou a populariza\u00e7\u00e3o dos assistentes de voz ou dos dispositivos inteligentes.<\/p>\n","protected":false},"author":1,"featured_media":14011,"parent":13896,"menu_order":0,"comment_status":"closed","ping_status":"closed","template":"page-publicacion.php","meta":{"_acf_changed":false,"footnotes":""},"categories":[],"class_list":["post-14019","page","type-page","status-publish","has-post-thumbnail","hentry"],"acf":[],"_links":{"self":[{"href":"https:\/\/azurally.com\/pt\/wp-json\/wp\/v2\/pages\/14019","targetHints":{"allow":["GET"]}}],"collection":[{"href":"https:\/\/azurally.com\/pt\/wp-json\/wp\/v2\/pages"}],"about":[{"href":"https:\/\/azurally.com\/pt\/wp-json\/wp\/v2\/types\/page"}],"author":[{"embeddable":true,"href":"https:\/\/azurally.com\/pt\/wp-json\/wp\/v2\/users\/1"}],"replies":[{"embeddable":true,"href":"https:\/\/azurally.com\/pt\/wp-json\/wp\/v2\/comments?post=14019"}],"version-history":[{"count":0,"href":"https:\/\/azurally.com\/pt\/wp-json\/wp\/v2\/pages\/14019\/revisions"}],"up":[{"embeddable":true,"href":"https:\/\/azurally.com\/pt\/wp-json\/wp\/v2\/pages\/13896"}],"wp:featuredmedia":[{"embeddable":true,"href":"https:\/\/azurally.com\/pt\/wp-json\/wp\/v2\/media\/14011"}],"wp:attachment":[{"href":"https:\/\/azurally.com\/pt\/wp-json\/wp\/v2\/media?parent=14019"}],"wp:term":[{"taxonomy":"category","embeddable":true,"href":"https:\/\/azurally.com\/pt\/wp-json\/wp\/v2\/categories?post=14019"}],"curies":[{"name":"wp","href":"https:\/\/api.w.org\/{rel}","templated":true}]}}