{"id":14017,"date":"2025-07-15T09:20:45","date_gmt":"2025-07-15T07:20:45","guid":{"rendered":"https:\/\/azurally.com\/artigos-inteligencia-artificial\/sentimento-e-motores-de-busca-com-ia-o-novo-termometro-da-reputacao"},"modified":"2026-02-26T09:35:40","modified_gmt":"2026-02-26T08:35:40","slug":"sentimento-motores-pesquisa-ia-barometro-reputacao","status":"publish","type":"page","link":"https:\/\/azurally.com\/pt\/inteligencia-artificial\/artigos-inteligencia-artificial\/sentimento-motores-pesquisa-ia-barometro-reputacao","title":{"rendered":"Sentimento e Motores de Pesquisa de IA: O Novo Bar\u00f3metro da Reputa\u00e7\u00e3o"},"content":{"rendered":"","protected":false},"excerpt":{"rendered":"<p>Num ambiente digital em constante transforma\u00e7\u00e3o, onde cada vez mais utilizadores consultam informa\u00e7\u00e3o atrav\u00e9s de chats de intelig\u00eancia artificial como o ChatGPT, Gemini ou Perplexity, a forma como as marcas s\u00e3o descritas nestes espa\u00e7os tornou-se uma nova frente estrat\u00e9gica. As respostas geradas n\u00e3o s\u00f3 informam, como tamb\u00e9m moldam as percep\u00e7\u00f5es. Por isso, compreender o que dizem de n\u00f3s e como o dizem \u00e9 fundamental para qualquer organiza\u00e7\u00e3o que pretenda proteger e projetar a sua identidade de forma coerente.  <\/p>\n","protected":false},"author":13,"featured_media":14018,"parent":13941,"menu_order":0,"comment_status":"closed","ping_status":"closed","template":"page-publicacion.php","meta":{"_acf_changed":false,"footnotes":""},"categories":[428,451,437],"class_list":["post-14017","page","type-page","status-publish","has-post-thumbnail","hentry","category-publicacoes","category-publicacoes-de-ia","category-publicacoes-ia"],"acf":[],"_links":{"self":[{"href":"https:\/\/azurally.com\/pt\/wp-json\/wp\/v2\/pages\/14017","targetHints":{"allow":["GET"]}}],"collection":[{"href":"https:\/\/azurally.com\/pt\/wp-json\/wp\/v2\/pages"}],"about":[{"href":"https:\/\/azurally.com\/pt\/wp-json\/wp\/v2\/types\/page"}],"author":[{"embeddable":true,"href":"https:\/\/azurally.com\/pt\/wp-json\/wp\/v2\/users\/13"}],"replies":[{"embeddable":true,"href":"https:\/\/azurally.com\/pt\/wp-json\/wp\/v2\/comments?post=14017"}],"version-history":[{"count":0,"href":"https:\/\/azurally.com\/pt\/wp-json\/wp\/v2\/pages\/14017\/revisions"}],"up":[{"embeddable":true,"href":"https:\/\/azurally.com\/pt\/wp-json\/wp\/v2\/pages\/13941"}],"wp:featuredmedia":[{"embeddable":true,"href":"https:\/\/azurally.com\/pt\/wp-json\/wp\/v2\/media\/14018"}],"wp:attachment":[{"href":"https:\/\/azurally.com\/pt\/wp-json\/wp\/v2\/media?parent=14017"}],"wp:term":[{"taxonomy":"category","embeddable":true,"href":"https:\/\/azurally.com\/pt\/wp-json\/wp\/v2\/categories?post=14017"}],"curies":[{"name":"wp","href":"https:\/\/api.w.org\/{rel}","templated":true}]}}