{"id":13997,"date":"2025-07-10T10:16:07","date_gmt":"2025-07-10T08:16:07","guid":{"rendered":"https:\/\/azurally.com\/artigos-seo\/a-era-pos-backlinks-reddit-autoridade-conversacional-e-o-futuro-da-seo-em-2025"},"modified":"2026-02-25T17:36:59","modified_gmt":"2026-02-25T16:36:59","slug":"era-pos-backlinks-reddit-autoridade-conversacional-futuro-seo-2026","status":"publish","type":"page","link":"https:\/\/azurally.com\/pt\/agencia-digital\/seo\/artigos-seo\/era-pos-backlinks-reddit-autoridade-conversacional-futuro-seo-2026","title":{"rendered":"Era P\u00f3s-Backlinks e o Futuro do SEO"},"content":{"rendered":"","protected":false},"excerpt":{"rendered":"<p>No ecossistema digital atual, estamos a assistir a uma das mudan\u00e7as mais profundas na hist\u00f3ria do SEO e do marketing digital em geral. A integra\u00e7\u00e3o das vis\u00f5es gerais de IA do Google e de outras funcionalidades generativas representa n\u00e3o apenas uma atualiza\u00e7\u00e3o algor\u00edtmica, mas uma transforma\u00e7\u00e3o digital na forma como os utilizadores encontram e consomem informa\u00e7\u00e3o. Na Azurally, identific\u00e1mos que esta mudan\u00e7a marca o in\u00edcio de uma nova era em que o Reddit e outras plataformas de comunidades s\u00e3o posicionadas no centro absoluto de qualquer estrat\u00e9gia avan\u00e7ada de SEO.  <\/p>\n","protected":false},"author":4,"featured_media":14012,"parent":13896,"menu_order":0,"comment_status":"closed","ping_status":"closed","template":"page-publicacion.php","meta":{"_acf_changed":false,"footnotes":""},"categories":[],"class_list":["post-13997","page","type-page","status-publish","has-post-thumbnail","hentry"],"acf":[],"_links":{"self":[{"href":"https:\/\/azurally.com\/pt\/wp-json\/wp\/v2\/pages\/13997","targetHints":{"allow":["GET"]}}],"collection":[{"href":"https:\/\/azurally.com\/pt\/wp-json\/wp\/v2\/pages"}],"about":[{"href":"https:\/\/azurally.com\/pt\/wp-json\/wp\/v2\/types\/page"}],"author":[{"embeddable":true,"href":"https:\/\/azurally.com\/pt\/wp-json\/wp\/v2\/users\/4"}],"replies":[{"embeddable":true,"href":"https:\/\/azurally.com\/pt\/wp-json\/wp\/v2\/comments?post=13997"}],"version-history":[{"count":0,"href":"https:\/\/azurally.com\/pt\/wp-json\/wp\/v2\/pages\/13997\/revisions"}],"up":[{"embeddable":true,"href":"https:\/\/azurally.com\/pt\/wp-json\/wp\/v2\/pages\/13896"}],"wp:featuredmedia":[{"embeddable":true,"href":"https:\/\/azurally.com\/pt\/wp-json\/wp\/v2\/media\/14012"}],"wp:attachment":[{"href":"https:\/\/azurally.com\/pt\/wp-json\/wp\/v2\/media?parent=13997"}],"wp:term":[{"taxonomy":"category","embeddable":true,"href":"https:\/\/azurally.com\/pt\/wp-json\/wp\/v2\/categories?post=13997"}],"curies":[{"name":"wp","href":"https:\/\/api.w.org\/{rel}","templated":true}]}}