{"id":13991,"date":"2025-05-08T09:10:44","date_gmt":"2025-05-08T07:10:44","guid":{"rendered":"https:\/\/azurally.com\/artigos-seo\/comportamento-dos-utilizadores-do-google-no-sector-farmaceutico"},"modified":"2026-02-25T17:40:42","modified_gmt":"2026-02-25T16:40:42","slug":"comportamento-utilizadores-google-setor-farmaceutico","status":"publish","type":"page","link":"https:\/\/azurally.com\/pt\/agencia-digital\/seo\/artigos-seo\/comportamento-utilizadores-google-setor-farmaceutico","title":{"rendered":"Comportamento no Google no Setor Farmac\u00eautico"},"content":{"rendered":"","protected":false},"excerpt":{"rendered":"<p>Num contexto digital saturado de informa\u00e7\u00f5es e com uma capacidade de aten\u00e7\u00e3o cada vez mais limitada, o utilizador de motores de busca como o Google exige informa\u00e7\u00f5es breves e estruturadas quando faz uma consulta.  <\/p>\n","protected":false},"author":15,"featured_media":14008,"parent":13896,"menu_order":0,"comment_status":"closed","ping_status":"closed","template":"page-publicacion.php","meta":{"_acf_changed":false,"footnotes":""},"categories":[428,429,444],"class_list":["post-13991","page","type-page","status-publish","has-post-thumbnail","hentry","category-publicacoes","category-artigos-seo","category-artigos-seo-2"],"acf":[],"_links":{"self":[{"href":"https:\/\/azurally.com\/pt\/wp-json\/wp\/v2\/pages\/13991","targetHints":{"allow":["GET"]}}],"collection":[{"href":"https:\/\/azurally.com\/pt\/wp-json\/wp\/v2\/pages"}],"about":[{"href":"https:\/\/azurally.com\/pt\/wp-json\/wp\/v2\/types\/page"}],"author":[{"embeddable":true,"href":"https:\/\/azurally.com\/pt\/wp-json\/wp\/v2\/users\/15"}],"replies":[{"embeddable":true,"href":"https:\/\/azurally.com\/pt\/wp-json\/wp\/v2\/comments?post=13991"}],"version-history":[{"count":0,"href":"https:\/\/azurally.com\/pt\/wp-json\/wp\/v2\/pages\/13991\/revisions"}],"up":[{"embeddable":true,"href":"https:\/\/azurally.com\/pt\/wp-json\/wp\/v2\/pages\/13896"}],"wp:featuredmedia":[{"embeddable":true,"href":"https:\/\/azurally.com\/pt\/wp-json\/wp\/v2\/media\/14008"}],"wp:attachment":[{"href":"https:\/\/azurally.com\/pt\/wp-json\/wp\/v2\/media?parent=13991"}],"wp:term":[{"taxonomy":"category","embeddable":true,"href":"https:\/\/azurally.com\/pt\/wp-json\/wp\/v2\/categories?post=13991"}],"curies":[{"name":"wp","href":"https:\/\/api.w.org\/{rel}","templated":true}]}}