{"id":13979,"date":"2025-05-06T12:34:49","date_gmt":"2025-05-06T10:34:49","guid":{"rendered":"https:\/\/azurally.com\/artigos-inteligencia-artificial\/videos-curtos-do-google-novos-horizontes-e-estrategias-de-ia"},"modified":"2026-02-26T09:38:23","modified_gmt":"2026-02-26T08:38:23","slug":"google-short-videos-estrategias-ia","status":"publish","type":"page","link":"https:\/\/azurally.com\/pt\/inteligencia-artificial\/artigos-inteligencia-artificial\/google-short-videos-estrategias-ia","title":{"rendered":"Google Short Videos: Novos Horizontes e Estrat\u00e9gias de IA"},"content":{"rendered":"","protected":false},"excerpt":{"rendered":"<p>No marketing digital, nada \u00e9 est\u00e1tico: novos desenvolvimentos, mudan\u00e7as e melhorias para os utilizadores surgem a um ritmo impar\u00e1vel. Uma das inova\u00e7\u00f5es que est\u00e1 a redefinir os horizontes do sector e a experi\u00eancia do utilizador \u00e9 a incorpora\u00e7\u00e3o da Intelig\u00eancia Artificial nos processos de pesquisa do pr\u00f3prio Google. Neste contexto, funcionalidades como os Google Short Videos marcam um antes e um depois na forma como as marcas, os motores de busca e as ag\u00eancias devem enfrentar o futuro: um futuro em que a combina\u00e7\u00e3o de IA, consumo imediato e conte\u00fados hipervisuais transforma completamente o paradigma digital.    <\/p>\n","protected":false},"author":15,"featured_media":13669,"parent":13941,"menu_order":0,"comment_status":"closed","ping_status":"closed","template":"page-publicacion.php","meta":{"_acf_changed":false,"footnotes":""},"categories":[428,437],"class_list":["post-13979","page","type-page","status-publish","has-post-thumbnail","hentry","category-publicacoes","category-publicacoes-ia"],"acf":[],"_links":{"self":[{"href":"https:\/\/azurally.com\/pt\/wp-json\/wp\/v2\/pages\/13979","targetHints":{"allow":["GET"]}}],"collection":[{"href":"https:\/\/azurally.com\/pt\/wp-json\/wp\/v2\/pages"}],"about":[{"href":"https:\/\/azurally.com\/pt\/wp-json\/wp\/v2\/types\/page"}],"author":[{"embeddable":true,"href":"https:\/\/azurally.com\/pt\/wp-json\/wp\/v2\/users\/15"}],"replies":[{"embeddable":true,"href":"https:\/\/azurally.com\/pt\/wp-json\/wp\/v2\/comments?post=13979"}],"version-history":[{"count":0,"href":"https:\/\/azurally.com\/pt\/wp-json\/wp\/v2\/pages\/13979\/revisions"}],"up":[{"embeddable":true,"href":"https:\/\/azurally.com\/pt\/wp-json\/wp\/v2\/pages\/13941"}],"wp:featuredmedia":[{"embeddable":true,"href":"https:\/\/azurally.com\/pt\/wp-json\/wp\/v2\/media\/13669"}],"wp:attachment":[{"href":"https:\/\/azurally.com\/pt\/wp-json\/wp\/v2\/media?parent=13979"}],"wp:term":[{"taxonomy":"category","embeddable":true,"href":"https:\/\/azurally.com\/pt\/wp-json\/wp\/v2\/categories?post=13979"}],"curies":[{"name":"wp","href":"https:\/\/api.w.org\/{rel}","templated":true}]}}