{"id":13975,"date":"2025-06-26T15:28:51","date_gmt":"2025-06-26T13:28:51","guid":{"rendered":"https:\/\/azurally.com\/artigos-inteligencia-artificial\/da-escuta-de-redes-sociais-a-escuta-de-ia"},"modified":"2026-02-26T09:37:24","modified_gmt":"2026-02-26T08:37:24","slug":"social-media-listening-ai-listening","status":"publish","type":"page","link":"https:\/\/azurally.com\/pt\/inteligencia-artificial\/artigos-inteligencia-artificial\/social-media-listening-ai-listening","title":{"rendered":"Do Social Media Listening ao AI Listening"},"content":{"rendered":"","protected":false},"excerpt":{"rendered":"<p>Durante anos, o Social Media Listening foi fundamental para as marcas compreenderem o que se dizia sobre elas nas redes sociais, nos f\u00f3runs e nas plataformas de opini\u00e3o. Embora continue a ser \u00fatil, j\u00e1 n\u00e3o \u00e9 suficiente. O novo ecossistema digital obriga-nos a ir mais longe: temos tamb\u00e9m de ouvir a intelig\u00eancia artificial.    <\/p>\n","protected":false},"author":16,"featured_media":13984,"parent":13941,"menu_order":0,"comment_status":"closed","ping_status":"closed","template":"page-publicacion.php","meta":{"_acf_changed":false,"footnotes":""},"categories":[],"class_list":["post-13975","page","type-page","status-publish","has-post-thumbnail","hentry"],"acf":[],"_links":{"self":[{"href":"https:\/\/azurally.com\/pt\/wp-json\/wp\/v2\/pages\/13975","targetHints":{"allow":["GET"]}}],"collection":[{"href":"https:\/\/azurally.com\/pt\/wp-json\/wp\/v2\/pages"}],"about":[{"href":"https:\/\/azurally.com\/pt\/wp-json\/wp\/v2\/types\/page"}],"author":[{"embeddable":true,"href":"https:\/\/azurally.com\/pt\/wp-json\/wp\/v2\/users\/16"}],"replies":[{"embeddable":true,"href":"https:\/\/azurally.com\/pt\/wp-json\/wp\/v2\/comments?post=13975"}],"version-history":[{"count":0,"href":"https:\/\/azurally.com\/pt\/wp-json\/wp\/v2\/pages\/13975\/revisions"}],"up":[{"embeddable":true,"href":"https:\/\/azurally.com\/pt\/wp-json\/wp\/v2\/pages\/13941"}],"wp:featuredmedia":[{"embeddable":true,"href":"https:\/\/azurally.com\/pt\/wp-json\/wp\/v2\/media\/13984"}],"wp:attachment":[{"href":"https:\/\/azurally.com\/pt\/wp-json\/wp\/v2\/media?parent=13975"}],"wp:term":[{"taxonomy":"category","embeddable":true,"href":"https:\/\/azurally.com\/pt\/wp-json\/wp\/v2\/categories?post=13975"}],"curies":[{"name":"wp","href":"https:\/\/api.w.org\/{rel}","templated":true}]}}