{"id":13967,"date":"2025-05-12T12:21:34","date_gmt":"2025-05-12T10:21:34","guid":{"rendered":"https:\/\/azurally.com\/artigos-seo\/como-e-que-o-google-vai-mudar-no-futuro-proximo"},"modified":"2026-02-25T17:39:34","modified_gmt":"2026-02-25T16:39:34","slug":"como-google-vai-mudar-futuro-proximo","status":"publish","type":"page","link":"https:\/\/azurally.com\/pt\/agencia-digital\/seo\/artigos-seo\/como-google-vai-mudar-futuro-proximo","title":{"rendered":"Como o Google Vai Mudar no Futuro Pr\u00f3ximo"},"content":{"rendered":"","protected":false},"excerpt":{"rendered":"<p>2024 foi um ano crucial na evolu\u00e7\u00e3o do ecossistema digital, e 2025 parece destinado a continuar na mesma linha. O aparecimento da intelig\u00eancia artificial generativa nos resultados de pesquisa do Google, com a sua nova funcionalidade Google AI Overviews, marcou um ponto de viragem na forma como as pessoas pesquisam e, consequentemente, aparecem no Google. Desde maio de 2024, a Google come\u00e7ou a implementar esta nova experi\u00eancia de pesquisa nos EUA e na Am\u00e9rica Latina e, em 2025, j\u00e1 iniciou a sua implementa\u00e7\u00e3o global. Desde ent\u00e3o, temos vindo a trabalhar em projectos na Am\u00e9rica Latina e nos EUA e anunci\u00e1mos semanas antes da sua chegada \u00e0 Europa o impacto que teria.<\/p>\n","protected":false},"author":15,"featured_media":13968,"parent":13896,"menu_order":0,"comment_status":"closed","ping_status":"closed","template":"page-publicacion.php","meta":{"_acf_changed":false,"footnotes":""},"categories":[428,429,444],"class_list":["post-13967","page","type-page","status-publish","has-post-thumbnail","hentry","category-publicacoes","category-artigos-seo","category-artigos-seo-2"],"acf":[],"_links":{"self":[{"href":"https:\/\/azurally.com\/pt\/wp-json\/wp\/v2\/pages\/13967","targetHints":{"allow":["GET"]}}],"collection":[{"href":"https:\/\/azurally.com\/pt\/wp-json\/wp\/v2\/pages"}],"about":[{"href":"https:\/\/azurally.com\/pt\/wp-json\/wp\/v2\/types\/page"}],"author":[{"embeddable":true,"href":"https:\/\/azurally.com\/pt\/wp-json\/wp\/v2\/users\/15"}],"replies":[{"embeddable":true,"href":"https:\/\/azurally.com\/pt\/wp-json\/wp\/v2\/comments?post=13967"}],"version-history":[{"count":0,"href":"https:\/\/azurally.com\/pt\/wp-json\/wp\/v2\/pages\/13967\/revisions"}],"up":[{"embeddable":true,"href":"https:\/\/azurally.com\/pt\/wp-json\/wp\/v2\/pages\/13896"}],"wp:featuredmedia":[{"embeddable":true,"href":"https:\/\/azurally.com\/pt\/wp-json\/wp\/v2\/media\/13968"}],"wp:attachment":[{"href":"https:\/\/azurally.com\/pt\/wp-json\/wp\/v2\/media?parent=13967"}],"wp:term":[{"taxonomy":"category","embeddable":true,"href":"https:\/\/azurally.com\/pt\/wp-json\/wp\/v2\/categories?post=13967"}],"curies":[{"name":"wp","href":"https:\/\/api.w.org\/{rel}","templated":true}]}}