{"id":13966,"date":"2025-04-23T17:25:03","date_gmt":"2025-04-23T15:25:03","guid":{"rendered":"https:\/\/azurally.com\/artigos-inteligencia-artificial\/google-refinar-produtos"},"modified":"2026-02-26T09:38:49","modified_gmt":"2026-02-26T08:38:49","slug":"google-refine-products","status":"publish","type":"page","link":"https:\/\/azurally.com\/pt\/inteligencia-artificial\/artigos-inteligencia-artificial\/google-refine-products","title":{"rendered":"Google Refine Products"},"content":{"rendered":"","protected":false},"excerpt":{"rendered":"<p>Se h\u00e1 uma revolu\u00e7\u00e3o digital caracterizada pela mudan\u00e7a, quase diariamente, \u00e9 a revolu\u00e7\u00e3o do marketing digital de 2025. A intelig\u00eancia artificial est\u00e1 a redefinir a experi\u00eancia de pesquisa. O que antes era uma simples lista de links transforma-se agora numa experi\u00eancia de compra guiada, visual e hiper-personalizada. Neste novo cen\u00e1rio, o Google Refine Products surge como um dos maiores avan\u00e7os impulsionados pela IA no ecossistema dos motores de busca: uma evolu\u00e7\u00e3o que transforma a pesquisa em verdadeiras decis\u00f5es de compra assistidas.   <\/p>\n","protected":false},"author":11,"featured_media":13667,"parent":13941,"menu_order":0,"comment_status":"closed","ping_status":"closed","template":"page-publicacion.php","meta":{"_acf_changed":false,"footnotes":""},"categories":[428,457,437],"class_list":["post-13966","page","type-page","status-publish","has-post-thumbnail","hentry","category-publicacoes","category-publicacoes-agencia-digital","category-publicacoes-ia"],"acf":[],"_links":{"self":[{"href":"https:\/\/azurally.com\/pt\/wp-json\/wp\/v2\/pages\/13966","targetHints":{"allow":["GET"]}}],"collection":[{"href":"https:\/\/azurally.com\/pt\/wp-json\/wp\/v2\/pages"}],"about":[{"href":"https:\/\/azurally.com\/pt\/wp-json\/wp\/v2\/types\/page"}],"author":[{"embeddable":true,"href":"https:\/\/azurally.com\/pt\/wp-json\/wp\/v2\/users\/11"}],"replies":[{"embeddable":true,"href":"https:\/\/azurally.com\/pt\/wp-json\/wp\/v2\/comments?post=13966"}],"version-history":[{"count":0,"href":"https:\/\/azurally.com\/pt\/wp-json\/wp\/v2\/pages\/13966\/revisions"}],"up":[{"embeddable":true,"href":"https:\/\/azurally.com\/pt\/wp-json\/wp\/v2\/pages\/13941"}],"wp:featuredmedia":[{"embeddable":true,"href":"https:\/\/azurally.com\/pt\/wp-json\/wp\/v2\/media\/13667"}],"wp:attachment":[{"href":"https:\/\/azurally.com\/pt\/wp-json\/wp\/v2\/media?parent=13966"}],"wp:term":[{"taxonomy":"category","embeddable":true,"href":"https:\/\/azurally.com\/pt\/wp-json\/wp\/v2\/categories?post=13966"}],"curies":[{"name":"wp","href":"https:\/\/api.w.org\/{rel}","templated":true}]}}