{"id":13954,"date":"2025-04-23T16:38:52","date_gmt":"2025-04-23T14:38:52","guid":{"rendered":"https:\/\/azurally.com\/artigos-inteligencia-artificial\/a-expansao-do-google-ai-overviews-na-europa-e-o-que-isso-significa-para-a-tua-marca"},"modified":"2026-02-26T09:39:45","modified_gmt":"2026-02-26T08:39:45","slug":"expansao-google-ai-overviews-europa-e-o-significa-para-a-sua-marca","status":"publish","type":"page","link":"https:\/\/azurally.com\/pt\/inteligencia-artificial\/artigos-inteligencia-artificial\/expansao-google-ai-overviews-europa-e-o-significa-para-a-sua-marca","title":{"rendered":"Expans\u00e3o dos Google AI Overviews na Europa: O que Significa para a Sua Marca"},"content":{"rendered":"","protected":false},"excerpt":{"rendered":"<p>A Google continua a redefinir a experi\u00eancia de pesquisa com o lan\u00e7amento global do AI Overviews, uma funcionalidade baseada em intelig\u00eancia artificial que j\u00e1 est\u00e1 ativa em quase 100 pa\u00edses. A grande novidade &#8220;europeia&#8221; surgiu h\u00e1 apenas uma semana, quando, no final de mar\u00e7o de 2025, esta ferramenta anunciou que j\u00e1 estava dispon\u00edvel em v\u00e1rios pa\u00edses europeus, como Espanha, Alemanha, It\u00e1lia e Portugal, entre outros. A promessa sumarenta? Oferecer respostas r\u00e1pidas e resumidas diretamente nos resultados da pesquisa, facilitando o acesso a informa\u00e7\u00e3o relevante e de qualidade.   <\/p>\n","protected":false},"author":11,"featured_media":13668,"parent":13941,"menu_order":0,"comment_status":"closed","ping_status":"closed","template":"page-publicacion.php","meta":{"_acf_changed":false,"footnotes":""},"categories":[428,437],"class_list":["post-13954","page","type-page","status-publish","has-post-thumbnail","hentry","category-publicacoes","category-publicacoes-ia"],"acf":[],"_links":{"self":[{"href":"https:\/\/azurally.com\/pt\/wp-json\/wp\/v2\/pages\/13954","targetHints":{"allow":["GET"]}}],"collection":[{"href":"https:\/\/azurally.com\/pt\/wp-json\/wp\/v2\/pages"}],"about":[{"href":"https:\/\/azurally.com\/pt\/wp-json\/wp\/v2\/types\/page"}],"author":[{"embeddable":true,"href":"https:\/\/azurally.com\/pt\/wp-json\/wp\/v2\/users\/11"}],"replies":[{"embeddable":true,"href":"https:\/\/azurally.com\/pt\/wp-json\/wp\/v2\/comments?post=13954"}],"version-history":[{"count":0,"href":"https:\/\/azurally.com\/pt\/wp-json\/wp\/v2\/pages\/13954\/revisions"}],"up":[{"embeddable":true,"href":"https:\/\/azurally.com\/pt\/wp-json\/wp\/v2\/pages\/13941"}],"wp:featuredmedia":[{"embeddable":true,"href":"https:\/\/azurally.com\/pt\/wp-json\/wp\/v2\/media\/13668"}],"wp:attachment":[{"href":"https:\/\/azurally.com\/pt\/wp-json\/wp\/v2\/media?parent=13954"}],"wp:term":[{"taxonomy":"category","embeddable":true,"href":"https:\/\/azurally.com\/pt\/wp-json\/wp\/v2\/categories?post=13954"}],"curies":[{"name":"wp","href":"https:\/\/api.w.org\/{rel}","templated":true}]}}