{"id":13947,"date":"2025-04-04T12:37:20","date_gmt":"2025-04-04T10:37:20","guid":{"rendered":"https:\/\/azurally.com\/noticias-dos-meios-de-comunicacao-social-pagos"},"modified":"2026-02-24T13:43:47","modified_gmt":"2026-02-24T12:43:47","slug":"noticias-dos-meios-de-comunicacao-social-pagos","status":"publish","type":"page","link":"https:\/\/azurally.com\/pt\/agencia-digital\/paid-media\/noticias-dos-meios-de-comunicacao-social-pagos","title":{"rendered":"Not\u00edcias dos meios de comunica\u00e7\u00e3o social pagos"},"content":{"rendered":"","protected":false},"excerpt":{"rendered":"","protected":false},"author":13,"featured_media":0,"parent":14645,"menu_order":0,"comment_status":"closed","ping_status":"closed","template":"page-noticias.php","meta":{"_acf_changed":false,"footnotes":""},"categories":[],"class_list":["post-13947","page","type-page","status-publish","hentry"],"acf":[],"_links":{"self":[{"href":"https:\/\/azurally.com\/pt\/wp-json\/wp\/v2\/pages\/13947","targetHints":{"allow":["GET"]}}],"collection":[{"href":"https:\/\/azurally.com\/pt\/wp-json\/wp\/v2\/pages"}],"about":[{"href":"https:\/\/azurally.com\/pt\/wp-json\/wp\/v2\/types\/page"}],"author":[{"embeddable":true,"href":"https:\/\/azurally.com\/pt\/wp-json\/wp\/v2\/users\/13"}],"replies":[{"embeddable":true,"href":"https:\/\/azurally.com\/pt\/wp-json\/wp\/v2\/comments?post=13947"}],"version-history":[{"count":0,"href":"https:\/\/azurally.com\/pt\/wp-json\/wp\/v2\/pages\/13947\/revisions"}],"up":[{"embeddable":true,"href":"https:\/\/azurally.com\/pt\/wp-json\/wp\/v2\/pages\/14645"}],"wp:attachment":[{"href":"https:\/\/azurally.com\/pt\/wp-json\/wp\/v2\/media?parent=13947"}],"wp:term":[{"taxonomy":"category","embeddable":true,"href":"https:\/\/azurally.com\/pt\/wp-json\/wp\/v2\/categories?post=13947"}],"curies":[{"name":"wp","href":"https:\/\/api.w.org\/{rel}","templated":true}]}}