{"id":13937,"date":"2025-04-03T12:39:25","date_gmt":"2025-04-03T10:39:25","guid":{"rendered":"https:\/\/azurally.com\/agencia-digital\/estrategia-de-marketing\/artigos-estrategia-marketing-digital\/como-funciona-o-threads-o-twitter-do-instagram"},"modified":"2026-02-24T14:55:58","modified_gmt":"2026-02-24T13:55:58","slug":"como-funciona-o-threads-o-twitter-do-instagram","status":"publish","type":"page","link":"https:\/\/azurally.com\/pt\/agencia-digital\/estrategia-de-marketing\/artigos-estrategia-marketing-digital\/como-funciona-o-threads-o-twitter-do-instagram","title":{"rendered":"Como funciona o Threads? O Twitter do Instagram"},"content":{"rendered":"","protected":false},"excerpt":{"rendered":"<p>Em julho fal\u00e1mos neste blogue sobre o que \u00e9 o Threads ap\u00f3s o seu lan\u00e7amento, a aplica\u00e7\u00e3o Meta que atingiu 50 milh\u00f5es de utilizadores 24 horas ap\u00f3s o seu lan\u00e7amento. Cinco meses depois, chegou \u00e0 Uni\u00e3o Europeia e especificamente (o que nos interessa) a Espanha. A seguir, explicamos-te como funciona o Threads e quais s\u00e3o os desafios e as d\u00favidas latentes em rela\u00e7\u00e3o a esta nova aplica\u00e7\u00e3o.  <\/p>\n","protected":false},"author":13,"featured_media":13939,"parent":13712,"menu_order":0,"comment_status":"closed","ping_status":"closed","template":"page-publicacion.php","meta":{"_acf_changed":false,"footnotes":""},"categories":[428,439],"class_list":["post-13937","page","type-page","status-publish","has-post-thumbnail","hentry","category-publicacoes","category-publicacoes-estrategia-de-marketing-digital"],"acf":[],"_links":{"self":[{"href":"https:\/\/azurally.com\/pt\/wp-json\/wp\/v2\/pages\/13937","targetHints":{"allow":["GET"]}}],"collection":[{"href":"https:\/\/azurally.com\/pt\/wp-json\/wp\/v2\/pages"}],"about":[{"href":"https:\/\/azurally.com\/pt\/wp-json\/wp\/v2\/types\/page"}],"author":[{"embeddable":true,"href":"https:\/\/azurally.com\/pt\/wp-json\/wp\/v2\/users\/13"}],"replies":[{"embeddable":true,"href":"https:\/\/azurally.com\/pt\/wp-json\/wp\/v2\/comments?post=13937"}],"version-history":[{"count":0,"href":"https:\/\/azurally.com\/pt\/wp-json\/wp\/v2\/pages\/13937\/revisions"}],"up":[{"embeddable":true,"href":"https:\/\/azurally.com\/pt\/wp-json\/wp\/v2\/pages\/13712"}],"wp:featuredmedia":[{"embeddable":true,"href":"https:\/\/azurally.com\/pt\/wp-json\/wp\/v2\/media\/13939"}],"wp:attachment":[{"href":"https:\/\/azurally.com\/pt\/wp-json\/wp\/v2\/media?parent=13937"}],"wp:term":[{"taxonomy":"category","embeddable":true,"href":"https:\/\/azurally.com\/pt\/wp-json\/wp\/v2\/categories?post=13937"}],"curies":[{"name":"wp","href":"https:\/\/api.w.org\/{rel}","templated":true}]}}