{"id":13933,"date":"2025-04-03T12:32:50","date_gmt":"2025-04-03T10:32:50","guid":{"rendered":"https:\/\/azurally.com\/agencia-digital\/estrategia-de-marketing\/artigos-estrategia-marketing-digital\/os-influenciadores-tem-uma-nova-lei"},"modified":"2026-02-24T14:56:58","modified_gmt":"2026-02-24T13:56:58","slug":"os-influenciadores-tem-uma-nova-lei","status":"publish","type":"page","link":"https:\/\/azurally.com\/pt\/agencia-digital\/estrategia-de-marketing\/artigos-estrategia-marketing-digital\/os-influenciadores-tem-uma-nova-lei","title":{"rendered":"Os influenciadores t\u00eam uma nova lei"},"content":{"rendered":"","protected":false},"excerpt":{"rendered":"<p>No passado m\u00eas de maio, foi aprovado o Real Decreto 444\/2024, que regula os requisitos para efeitos de ser considerado utilizador de especial relev\u00e2ncia dos servi\u00e7os de partilha de v\u00eddeos atrav\u00e9s de uma plataforma, mais conhecido como a &#8220;Lei dos Influenciadores&#8221;.<\/p>\n","protected":false},"author":13,"featured_media":13851,"parent":13712,"menu_order":0,"comment_status":"closed","ping_status":"closed","template":"page-publicacion.php","meta":{"_acf_changed":false,"footnotes":""},"categories":[428,439,441],"class_list":["post-13933","page","type-page","status-publish","has-post-thumbnail","hentry","category-publicacoes","category-publicacoes-estrategia-de-marketing-digital","category-publicacoes-estrategia-de-marketing-digital-2"],"acf":[],"_links":{"self":[{"href":"https:\/\/azurally.com\/pt\/wp-json\/wp\/v2\/pages\/13933","targetHints":{"allow":["GET"]}}],"collection":[{"href":"https:\/\/azurally.com\/pt\/wp-json\/wp\/v2\/pages"}],"about":[{"href":"https:\/\/azurally.com\/pt\/wp-json\/wp\/v2\/types\/page"}],"author":[{"embeddable":true,"href":"https:\/\/azurally.com\/pt\/wp-json\/wp\/v2\/users\/13"}],"replies":[{"embeddable":true,"href":"https:\/\/azurally.com\/pt\/wp-json\/wp\/v2\/comments?post=13933"}],"version-history":[{"count":0,"href":"https:\/\/azurally.com\/pt\/wp-json\/wp\/v2\/pages\/13933\/revisions"}],"up":[{"embeddable":true,"href":"https:\/\/azurally.com\/pt\/wp-json\/wp\/v2\/pages\/13712"}],"wp:featuredmedia":[{"embeddable":true,"href":"https:\/\/azurally.com\/pt\/wp-json\/wp\/v2\/media\/13851"}],"wp:attachment":[{"href":"https:\/\/azurally.com\/pt\/wp-json\/wp\/v2\/media?parent=13933"}],"wp:term":[{"taxonomy":"category","embeddable":true,"href":"https:\/\/azurally.com\/pt\/wp-json\/wp\/v2\/categories?post=13933"}],"curies":[{"name":"wp","href":"https:\/\/api.w.org\/{rel}","templated":true}]}}