{"id":13928,"date":"2025-04-03T12:22:20","date_gmt":"2025-04-03T10:22:20","guid":{"rendered":"https:\/\/azurally.com\/agencia-digital\/estrategia-de-marketing\/artigos-estrategia-marketing-digital\/estudo-de-caso-marketing-de-influencia-na-juver"},"modified":"2026-02-25T17:15:31","modified_gmt":"2026-02-25T16:15:31","slug":"case-study-influencer-marketing-juver","status":"publish","type":"page","link":"https:\/\/azurally.com\/pt\/agencia-digital\/estrategia-de-marketing\/artigos-estrategia-marketing-digital\/case-study-influencer-marketing-juver","title":{"rendered":"Case Study de Influencer Marketing \u2013 Juver"},"content":{"rendered":"","protected":false},"excerpt":{"rendered":"<p>Na era digital, as marcas est\u00e3o constantemente \u00e0 procura de novas formas de se ligarem ao seu p\u00fablico de forma aut\u00eantica e relevante. Na Azurally, um dos servi\u00e7os que oferecemos \u00e9 a estrat\u00e9gia de marketing de influenciadores, um recurso cada vez mais valorizado pela sua capacidade de gerar uma liga\u00e7\u00e3o direta entre marcas e consumidores.   <\/p>\n","protected":false},"author":13,"featured_media":13931,"parent":13712,"menu_order":0,"comment_status":"closed","ping_status":"closed","template":"page-publicacion.php","meta":{"_acf_changed":false,"footnotes":""},"categories":[428,439,441],"class_list":["post-13928","page","type-page","status-publish","has-post-thumbnail","hentry","category-publicacoes","category-publicacoes-estrategia-de-marketing-digital","category-publicacoes-estrategia-de-marketing-digital-2"],"acf":[],"_links":{"self":[{"href":"https:\/\/azurally.com\/pt\/wp-json\/wp\/v2\/pages\/13928","targetHints":{"allow":["GET"]}}],"collection":[{"href":"https:\/\/azurally.com\/pt\/wp-json\/wp\/v2\/pages"}],"about":[{"href":"https:\/\/azurally.com\/pt\/wp-json\/wp\/v2\/types\/page"}],"author":[{"embeddable":true,"href":"https:\/\/azurally.com\/pt\/wp-json\/wp\/v2\/users\/13"}],"replies":[{"embeddable":true,"href":"https:\/\/azurally.com\/pt\/wp-json\/wp\/v2\/comments?post=13928"}],"version-history":[{"count":0,"href":"https:\/\/azurally.com\/pt\/wp-json\/wp\/v2\/pages\/13928\/revisions"}],"up":[{"embeddable":true,"href":"https:\/\/azurally.com\/pt\/wp-json\/wp\/v2\/pages\/13712"}],"wp:featuredmedia":[{"embeddable":true,"href":"https:\/\/azurally.com\/pt\/wp-json\/wp\/v2\/media\/13931"}],"wp:attachment":[{"href":"https:\/\/azurally.com\/pt\/wp-json\/wp\/v2\/media?parent=13928"}],"wp:term":[{"taxonomy":"category","embeddable":true,"href":"https:\/\/azurally.com\/pt\/wp-json\/wp\/v2\/categories?post=13928"}],"curies":[{"name":"wp","href":"https:\/\/api.w.org\/{rel}","templated":true}]}}