{"id":13901,"date":"2024-11-04T16:41:54","date_gmt":"2024-11-04T15:41:54","guid":{"rendered":"https:\/\/azurally.com\/gamificacao-nas-redes-sociais-aumenta-o-envolvimento-dos-teus-conteudos"},"modified":"2026-03-03T10:26:24","modified_gmt":"2026-03-03T09:26:24","slug":"gamificacao-redes-sociais-aumenta-engagement-conteudos","status":"publish","type":"page","link":"https:\/\/azurally.com\/pt\/agencia-digital\/paid-media\/artigos-paid-media\/gamificacao-redes-sociais-aumenta-engagement-conteudos","title":{"rendered":"Gamifica\u00e7\u00e3o nas Redes Sociais e Engagement"},"content":{"rendered":"","protected":false},"excerpt":{"rendered":"<p>Achas que a principal fun\u00e7\u00e3o de um gestor de comunidade \u00e9 clicar no bot\u00e3o de publica\u00e7\u00e3o? Essa parte \u00e9 apenas a ponta do iceberg de todas as tarefas que um community manager executa. Na parte oculta, h\u00e1 horas e horas a criar estrat\u00e9gias e a pesquisar a concorr\u00eancia. Al\u00e9m de gerar conte\u00fados capazes de captar a aten\u00e7\u00e3o dos utilizadores mais exigentes. E tudo com um objetivo claro: melhorar o envolvimento nas redes sociais. Mas como conseguir isso? Um dos recursos mais utilizados \u00e9 a gamifica\u00e7\u00e3o, e n\u00f3s vamos contar-te o que \u00e9!       <\/p>\n","protected":false},"author":7,"featured_media":13902,"parent":13915,"menu_order":0,"comment_status":"closed","ping_status":"closed","template":"page-publicacion.php","meta":{"_acf_changed":false,"footnotes":""},"categories":[428,453,452],"class_list":["post-13901","page","type-page","status-publish","has-post-thumbnail","hentry","category-publicacoes","category-publicacoes-nos-meios-de-comunicacao-social-pagos","category-publicacoes-pagas"],"acf":[],"_links":{"self":[{"href":"https:\/\/azurally.com\/pt\/wp-json\/wp\/v2\/pages\/13901","targetHints":{"allow":["GET"]}}],"collection":[{"href":"https:\/\/azurally.com\/pt\/wp-json\/wp\/v2\/pages"}],"about":[{"href":"https:\/\/azurally.com\/pt\/wp-json\/wp\/v2\/types\/page"}],"author":[{"embeddable":true,"href":"https:\/\/azurally.com\/pt\/wp-json\/wp\/v2\/users\/7"}],"replies":[{"embeddable":true,"href":"https:\/\/azurally.com\/pt\/wp-json\/wp\/v2\/comments?post=13901"}],"version-history":[{"count":0,"href":"https:\/\/azurally.com\/pt\/wp-json\/wp\/v2\/pages\/13901\/revisions"}],"up":[{"embeddable":true,"href":"https:\/\/azurally.com\/pt\/wp-json\/wp\/v2\/pages\/13915"}],"wp:featuredmedia":[{"embeddable":true,"href":"https:\/\/azurally.com\/pt\/wp-json\/wp\/v2\/media\/13902"}],"wp:attachment":[{"href":"https:\/\/azurally.com\/pt\/wp-json\/wp\/v2\/media?parent=13901"}],"wp:term":[{"taxonomy":"category","embeddable":true,"href":"https:\/\/azurally.com\/pt\/wp-json\/wp\/v2\/categories?post=13901"}],"curies":[{"name":"wp","href":"https:\/\/api.w.org\/{rel}","templated":true}]}}