{"id":13897,"date":"2024-11-04T13:37:30","date_gmt":"2024-11-04T12:37:30","guid":{"rendered":"https:\/\/azurally.com\/campanhas-de-influenciadores-como-maximizar-o-roi"},"modified":"2026-03-03T10:27:02","modified_gmt":"2026-03-03T09:27:02","slug":"campanhas-influencers-maximizar-roi","status":"publish","type":"page","link":"https:\/\/azurally.com\/pt\/agencia-digital\/paid-media\/artigos-paid-media\/campanhas-influencers-maximizar-roi","title":{"rendered":"Campanhas com Influencers: Como Maximizar o ROI"},"content":{"rendered":"","protected":false},"excerpt":{"rendered":"<p>A efic\u00e1cia do marketing de influ\u00eancia est\u00e1 mais do que provada nos \u00faltimos anos.<\/p>\n","protected":false},"author":7,"featured_media":13898,"parent":13915,"menu_order":0,"comment_status":"closed","ping_status":"closed","template":"page-publicacion.php","meta":{"_acf_changed":false,"footnotes":""},"categories":[428,453,452],"class_list":["post-13897","page","type-page","status-publish","has-post-thumbnail","hentry","category-publicacoes","category-publicacoes-nos-meios-de-comunicacao-social-pagos","category-publicacoes-pagas"],"acf":[],"_links":{"self":[{"href":"https:\/\/azurally.com\/pt\/wp-json\/wp\/v2\/pages\/13897","targetHints":{"allow":["GET"]}}],"collection":[{"href":"https:\/\/azurally.com\/pt\/wp-json\/wp\/v2\/pages"}],"about":[{"href":"https:\/\/azurally.com\/pt\/wp-json\/wp\/v2\/types\/page"}],"author":[{"embeddable":true,"href":"https:\/\/azurally.com\/pt\/wp-json\/wp\/v2\/users\/7"}],"replies":[{"embeddable":true,"href":"https:\/\/azurally.com\/pt\/wp-json\/wp\/v2\/comments?post=13897"}],"version-history":[{"count":0,"href":"https:\/\/azurally.com\/pt\/wp-json\/wp\/v2\/pages\/13897\/revisions"}],"up":[{"embeddable":true,"href":"https:\/\/azurally.com\/pt\/wp-json\/wp\/v2\/pages\/13915"}],"wp:featuredmedia":[{"embeddable":true,"href":"https:\/\/azurally.com\/pt\/wp-json\/wp\/v2\/media\/13898"}],"wp:attachment":[{"href":"https:\/\/azurally.com\/pt\/wp-json\/wp\/v2\/media?parent=13897"}],"wp:term":[{"taxonomy":"category","embeddable":true,"href":"https:\/\/azurally.com\/pt\/wp-json\/wp\/v2\/categories?post=13897"}],"curies":[{"name":"wp","href":"https:\/\/api.w.org\/{rel}","templated":true}]}}