{"id":13893,"date":"2024-11-04T12:05:08","date_gmt":"2024-11-04T11:05:08","guid":{"rendered":"https:\/\/azurally.com\/dados-de-geracao-de-utilizadores-os-seres-humanos-como-hardware"},"modified":"2026-02-26T09:59:58","modified_gmt":"2026-02-26T08:59:58","slug":"user-generation-data-ser-humano-hardware","status":"publish","type":"page","link":"https:\/\/azurally.com\/pt\/agencia-digital\/data-e-reporting\/artigos-data-e-reporting\/user-generation-data-ser-humano-hardware","title":{"rendered":"User Generation Data: Humanos como Hardware"},"content":{"rendered":"","protected":false},"excerpt":{"rendered":"<p>Miguel S\u00e1nchez, M.D. Marketing &amp; Business da Azurally e Nacho Carn\u00e9s, especialista em Marketing Digital e Marketing Program\u00e1tico, falaram no dia 8 de abril na Academia Azurally sobre dados de gera\u00e7\u00e3o de utilizadores: o ser humano como hardware.<\/p>\n","protected":false},"author":6,"featured_media":13891,"parent":13925,"menu_order":0,"comment_status":"closed","ping_status":"closed","template":"page-publicacion.php","meta":{"_acf_changed":false,"footnotes":""},"categories":[454,428,455],"class_list":["post-13893","page","type-page","status-publish","has-post-thumbnail","hentry","category-dados-de-publicacoes-e-relatorios","category-publicacoes","category-publicacoes-dados-e-relatorios"],"acf":[],"_links":{"self":[{"href":"https:\/\/azurally.com\/pt\/wp-json\/wp\/v2\/pages\/13893","targetHints":{"allow":["GET"]}}],"collection":[{"href":"https:\/\/azurally.com\/pt\/wp-json\/wp\/v2\/pages"}],"about":[{"href":"https:\/\/azurally.com\/pt\/wp-json\/wp\/v2\/types\/page"}],"author":[{"embeddable":true,"href":"https:\/\/azurally.com\/pt\/wp-json\/wp\/v2\/users\/6"}],"replies":[{"embeddable":true,"href":"https:\/\/azurally.com\/pt\/wp-json\/wp\/v2\/comments?post=13893"}],"version-history":[{"count":0,"href":"https:\/\/azurally.com\/pt\/wp-json\/wp\/v2\/pages\/13893\/revisions"}],"up":[{"embeddable":true,"href":"https:\/\/azurally.com\/pt\/wp-json\/wp\/v2\/pages\/13925"}],"wp:featuredmedia":[{"embeddable":true,"href":"https:\/\/azurally.com\/pt\/wp-json\/wp\/v2\/media\/13891"}],"wp:attachment":[{"href":"https:\/\/azurally.com\/pt\/wp-json\/wp\/v2\/media?parent=13893"}],"wp:term":[{"taxonomy":"category","embeddable":true,"href":"https:\/\/azurally.com\/pt\/wp-json\/wp\/v2\/categories?post=13893"}],"curies":[{"name":"wp","href":"https:\/\/api.w.org\/{rel}","templated":true}]}}