{"id":13892,"date":"2024-11-05T13:25:47","date_gmt":"2024-11-05T12:25:47","guid":{"rendered":"https:\/\/azurally.com\/web-3-0-o-que-e-e-qual-sera-o-seu-impacto"},"modified":"2026-02-26T09:58:51","modified_gmt":"2026-02-26T08:58:51","slug":"web-3-0-o-que-e-impacto","status":"publish","type":"page","link":"https:\/\/azurally.com\/pt\/agencia-digital\/data-e-reporting\/artigos-data-e-reporting\/web-3-0-o-que-e-impacto","title":{"rendered":"Web 3.0: O que \u00e9 e Qual o Impacto"},"content":{"rendered":"","protected":false},"excerpt":{"rendered":"<p>Se j\u00e1 ouviste falar da Web 3.0, mas n\u00e3o sabes bem o que implica ou como se diferencia da Internet tal como a conhecemos hoje, este artigo \u00e9 do teu interesse. Como referimos em META: a pr\u00f3xima era da Internet, qualquer empresa e\/ou marca que n\u00e3o queira ficar para tr\u00e1s tem de estar actualizada com a tecnologia web 3.0. <\/p>\n","protected":false},"author":7,"featured_media":13894,"parent":13925,"menu_order":0,"comment_status":"closed","ping_status":"closed","template":"page-publicacion.php","meta":{"_acf_changed":false,"footnotes":""},"categories":[454,428,455],"class_list":["post-13892","page","type-page","status-publish","has-post-thumbnail","hentry","category-dados-de-publicacoes-e-relatorios","category-publicacoes","category-publicacoes-dados-e-relatorios"],"acf":[],"_links":{"self":[{"href":"https:\/\/azurally.com\/pt\/wp-json\/wp\/v2\/pages\/13892","targetHints":{"allow":["GET"]}}],"collection":[{"href":"https:\/\/azurally.com\/pt\/wp-json\/wp\/v2\/pages"}],"about":[{"href":"https:\/\/azurally.com\/pt\/wp-json\/wp\/v2\/types\/page"}],"author":[{"embeddable":true,"href":"https:\/\/azurally.com\/pt\/wp-json\/wp\/v2\/users\/7"}],"replies":[{"embeddable":true,"href":"https:\/\/azurally.com\/pt\/wp-json\/wp\/v2\/comments?post=13892"}],"version-history":[{"count":0,"href":"https:\/\/azurally.com\/pt\/wp-json\/wp\/v2\/pages\/13892\/revisions"}],"up":[{"embeddable":true,"href":"https:\/\/azurally.com\/pt\/wp-json\/wp\/v2\/pages\/13925"}],"wp:featuredmedia":[{"embeddable":true,"href":"https:\/\/azurally.com\/pt\/wp-json\/wp\/v2\/media\/13894"}],"wp:attachment":[{"href":"https:\/\/azurally.com\/pt\/wp-json\/wp\/v2\/media?parent=13892"}],"wp:term":[{"taxonomy":"category","embeddable":true,"href":"https:\/\/azurally.com\/pt\/wp-json\/wp\/v2\/categories?post=13892"}],"curies":[{"name":"wp","href":"https:\/\/api.w.org\/{rel}","templated":true}]}}