{"id":13885,"date":"2024-11-04T17:02:31","date_gmt":"2024-11-04T16:02:31","guid":{"rendered":"https:\/\/azurally.com\/criatividade-a-evolucao-da-publicidade-para-captar-a-atencao-do-publico"},"modified":"2026-02-26T11:06:27","modified_gmt":"2026-02-26T10:06:27","slug":"criatividade-evolucao-publicidade-captar-atencao-publico","status":"publish","type":"page","link":"https:\/\/azurally.com\/pt\/agencia-digital\/redes-sociais\/artigos-redes-sociais\/criatividade-evolucao-publicidade-captar-atencao-publico","title":{"rendered":"Criatividade: Evolu\u00e7\u00e3o da Publicidade e Aten\u00e7\u00e3o do P\u00fablico"},"content":{"rendered":"","protected":false},"excerpt":{"rendered":"<p>Nestes dias, coincidem o octog\u00e9simo anivers\u00e1rio da emiss\u00e3o do primeiro spot (ou an\u00fancio, como dizem os americanos), uma imagem fixa de dez segundos com um mapa dos EUA e o mostrador de um rel\u00f3gio Bulova, e a apresenta\u00e7\u00e3o, nas Luzes da Cidade de Callao, de projec\u00e7\u00f5es 3D de uma casa a cair e de um helic\u00f3ptero a sair dela. <\/p>\n","protected":false},"author":7,"featured_media":13887,"parent":13917,"menu_order":0,"comment_status":"closed","ping_status":"closed","template":"page-publicacion.php","meta":{"_acf_changed":false,"footnotes":""},"categories":[428,447,448],"class_list":["post-13885","page","type-page","status-publish","has-post-thumbnail","hentry","category-publicacoes","category-artigos-redes-sociais","category-artigos-redes-sociais-2"],"acf":[],"_links":{"self":[{"href":"https:\/\/azurally.com\/pt\/wp-json\/wp\/v2\/pages\/13885","targetHints":{"allow":["GET"]}}],"collection":[{"href":"https:\/\/azurally.com\/pt\/wp-json\/wp\/v2\/pages"}],"about":[{"href":"https:\/\/azurally.com\/pt\/wp-json\/wp\/v2\/types\/page"}],"author":[{"embeddable":true,"href":"https:\/\/azurally.com\/pt\/wp-json\/wp\/v2\/users\/7"}],"replies":[{"embeddable":true,"href":"https:\/\/azurally.com\/pt\/wp-json\/wp\/v2\/comments?post=13885"}],"version-history":[{"count":0,"href":"https:\/\/azurally.com\/pt\/wp-json\/wp\/v2\/pages\/13885\/revisions"}],"up":[{"embeddable":true,"href":"https:\/\/azurally.com\/pt\/wp-json\/wp\/v2\/pages\/13917"}],"wp:featuredmedia":[{"embeddable":true,"href":"https:\/\/azurally.com\/pt\/wp-json\/wp\/v2\/media\/13887"}],"wp:attachment":[{"href":"https:\/\/azurally.com\/pt\/wp-json\/wp\/v2\/media?parent=13885"}],"wp:term":[{"taxonomy":"category","embeddable":true,"href":"https:\/\/azurally.com\/pt\/wp-json\/wp\/v2\/categories?post=13885"}],"curies":[{"name":"wp","href":"https:\/\/api.w.org\/{rel}","templated":true}]}}