{"id":13877,"date":"2024-11-04T10:24:35","date_gmt":"2024-11-04T09:24:35","guid":{"rendered":"https:\/\/azurally.com\/azurally-faz-13-anos-o-nosso-segredo-para-la-chegar"},"modified":"2026-02-26T10:07:46","modified_gmt":"2026-02-26T09:07:46","slug":"azurally-faz-13-anos","status":"publish","type":"page","link":"https:\/\/azurally.com\/pt\/agencia-digital\/relacoes-publicas\/artigos-relacoes-publicas\/azurally-faz-13-anos","title":{"rendered":"Azurally completa 13 anos: o nosso segredo para chegar at\u00e9 aqui"},"content":{"rendered":"","protected":false},"excerpt":{"rendered":"<p>Mais um ano, e j\u00e1 l\u00e1 v\u00e3o 13 anos! Muita coisa mudou no panorama do marketing digital e no mundo em geral desde 2011, ano em que a Azurally iniciou o seu percurso. Chegamos a este novo anivers\u00e1rio com mais energia e entusiasmo, com uma vasta carteira de clientes, projectos muito enriquecedores e uma equipa cheia de motiva\u00e7\u00e3o e mais preparada do que nunca. \u00c9 por isso que, aproveitando este anivers\u00e1rio, queremos fazer uma retrospetiva do que alcan\u00e7\u00e1mos e do que nos fez chegar a um 2024 muito positivo. Acompanha-nos?    <\/p>\n","protected":false},"author":6,"featured_media":13884,"parent":13924,"menu_order":0,"comment_status":"closed","ping_status":"closed","template":"page-publicacion.php","meta":{"_acf_changed":false,"footnotes":""},"categories":[428,450,449],"class_list":["post-13877","page","type-page","status-publish","has-post-thumbnail","hentry","category-publicacoes","category-publicacoes-de-relacoes-publicas","category-artigos-relacoes-publicas"],"acf":[],"_links":{"self":[{"href":"https:\/\/azurally.com\/pt\/wp-json\/wp\/v2\/pages\/13877","targetHints":{"allow":["GET"]}}],"collection":[{"href":"https:\/\/azurally.com\/pt\/wp-json\/wp\/v2\/pages"}],"about":[{"href":"https:\/\/azurally.com\/pt\/wp-json\/wp\/v2\/types\/page"}],"author":[{"embeddable":true,"href":"https:\/\/azurally.com\/pt\/wp-json\/wp\/v2\/users\/6"}],"replies":[{"embeddable":true,"href":"https:\/\/azurally.com\/pt\/wp-json\/wp\/v2\/comments?post=13877"}],"version-history":[{"count":0,"href":"https:\/\/azurally.com\/pt\/wp-json\/wp\/v2\/pages\/13877\/revisions"}],"up":[{"embeddable":true,"href":"https:\/\/azurally.com\/pt\/wp-json\/wp\/v2\/pages\/13924"}],"wp:featuredmedia":[{"embeddable":true,"href":"https:\/\/azurally.com\/pt\/wp-json\/wp\/v2\/media\/13884"}],"wp:attachment":[{"href":"https:\/\/azurally.com\/pt\/wp-json\/wp\/v2\/media?parent=13877"}],"wp:term":[{"taxonomy":"category","embeddable":true,"href":"https:\/\/azurally.com\/pt\/wp-json\/wp\/v2\/categories?post=13877"}],"curies":[{"name":"wp","href":"https:\/\/api.w.org\/{rel}","templated":true}]}}