{"id":13876,"date":"2024-10-30T16:06:43","date_gmt":"2024-10-30T15:06:43","guid":{"rendered":"https:\/\/azurally.com\/sitecore-engagement-cloud-o-que-e-e-quais-sao-as-vantagens"},"modified":"2026-02-26T09:11:32","modified_gmt":"2026-02-26T08:11:32","slug":"sitecore-engagement-cloud-vantagens","status":"publish","type":"page","link":"https:\/\/azurally.com\/pt\/agencia-digital\/paid-media\/artigos-paid-media\/sitecore-engagement-cloud-vantagens","title":{"rendered":"Sitecore Engagement Cloud: O que \u00e9 e Vantagens"},"content":{"rendered":"","protected":false},"excerpt":{"rendered":"<p>N\u00e3o \u00e9 segredo que o Sitecore \u00e9 uma ferramenta fundamental na gest\u00e3o de conte\u00fados web e na experi\u00eancia do cliente. Na Azurally, como Sitecore Gold Partners, conhecemos muito bem as infinitas possibilidades que oferece para fornecer solu\u00e7\u00f5es \u00f3ptimas para todos os tipos de necessidades.  Hoje estamos a falar do Sitecore como uma Plataforma de Experi\u00eancia Digital nativa da nuvem (SaaS DXP), onde a personaliza\u00e7\u00e3o e a automa\u00e7\u00e3o se juntam para conduzir as nossas estrat\u00e9gias de marketing digital aos mais elevados padr\u00f5es. \u00c9 uma solu\u00e7\u00e3o end-to-end que te permite criar experi\u00eancias digitais personalizadas e cativantes que deixam os clientes sem palavras. Vamos analisar mais de perto uma das suas funcionalidades: Sitecore Engagement Cloud.  <\/p>\n","protected":false},"author":4,"featured_media":13881,"parent":13915,"menu_order":0,"comment_status":"closed","ping_status":"closed","template":"page-publicacion.php","meta":{"_acf_changed":false,"footnotes":""},"categories":[428,453,452],"class_list":["post-13876","page","type-page","status-publish","has-post-thumbnail","hentry","category-publicacoes","category-publicacoes-nos-meios-de-comunicacao-social-pagos","category-publicacoes-pagas"],"acf":[],"_links":{"self":[{"href":"https:\/\/azurally.com\/pt\/wp-json\/wp\/v2\/pages\/13876","targetHints":{"allow":["GET"]}}],"collection":[{"href":"https:\/\/azurally.com\/pt\/wp-json\/wp\/v2\/pages"}],"about":[{"href":"https:\/\/azurally.com\/pt\/wp-json\/wp\/v2\/types\/page"}],"author":[{"embeddable":true,"href":"https:\/\/azurally.com\/pt\/wp-json\/wp\/v2\/users\/4"}],"replies":[{"embeddable":true,"href":"https:\/\/azurally.com\/pt\/wp-json\/wp\/v2\/comments?post=13876"}],"version-history":[{"count":0,"href":"https:\/\/azurally.com\/pt\/wp-json\/wp\/v2\/pages\/13876\/revisions"}],"up":[{"embeddable":true,"href":"https:\/\/azurally.com\/pt\/wp-json\/wp\/v2\/pages\/13915"}],"wp:featuredmedia":[{"embeddable":true,"href":"https:\/\/azurally.com\/pt\/wp-json\/wp\/v2\/media\/13881"}],"wp:attachment":[{"href":"https:\/\/azurally.com\/pt\/wp-json\/wp\/v2\/media?parent=13876"}],"wp:term":[{"taxonomy":"category","embeddable":true,"href":"https:\/\/azurally.com\/pt\/wp-json\/wp\/v2\/categories?post=13876"}],"curies":[{"name":"wp","href":"https:\/\/api.w.org\/{rel}","templated":true}]}}