{"id":13871,"date":"2024-11-04T09:28:47","date_gmt":"2024-11-04T08:28:47","guid":{"rendered":"https:\/\/azurally.com\/somos-finalistas-dos-premios-google-premier-partner-2023-europeus"},"modified":"2026-02-26T10:26:46","modified_gmt":"2026-02-26T09:26:46","slug":"finalistas-premios-europeus-google-premier-partner-2023","status":"publish","type":"page","link":"https:\/\/azurally.com\/pt\/agencia-digital\/relacoes-publicas\/artigos-relacoes-publicas\/finalistas-premios-europeus-google-premier-partner-2023","title":{"rendered":"Finalistas nos Pr\u00e9mios Google Premier Partner 2023"},"content":{"rendered":"","protected":false},"excerpt":{"rendered":"<p>H\u00e1 8 anos que a Azurally tem o privil\u00e9gio de ser um Google Premier Partner. Este distintivo permite-nos oferecer aos nossos potenciais clientes mais uma raz\u00e3o para confiarem na capacidade dos nossos servi\u00e7os e aos nossos actuais clientes, a certeza de que na Azurally sabemos como fazer as coisas. <\/p>\n","protected":false},"author":6,"featured_media":13875,"parent":13924,"menu_order":0,"comment_status":"closed","ping_status":"closed","template":"page-publicacion.php","meta":{"_acf_changed":false,"footnotes":""},"categories":[428,450,449],"class_list":["post-13871","page","type-page","status-publish","has-post-thumbnail","hentry","category-publicacoes","category-publicacoes-de-relacoes-publicas","category-artigos-relacoes-publicas"],"acf":[],"_links":{"self":[{"href":"https:\/\/azurally.com\/pt\/wp-json\/wp\/v2\/pages\/13871","targetHints":{"allow":["GET"]}}],"collection":[{"href":"https:\/\/azurally.com\/pt\/wp-json\/wp\/v2\/pages"}],"about":[{"href":"https:\/\/azurally.com\/pt\/wp-json\/wp\/v2\/types\/page"}],"author":[{"embeddable":true,"href":"https:\/\/azurally.com\/pt\/wp-json\/wp\/v2\/users\/6"}],"replies":[{"embeddable":true,"href":"https:\/\/azurally.com\/pt\/wp-json\/wp\/v2\/comments?post=13871"}],"version-history":[{"count":0,"href":"https:\/\/azurally.com\/pt\/wp-json\/wp\/v2\/pages\/13871\/revisions"}],"up":[{"embeddable":true,"href":"https:\/\/azurally.com\/pt\/wp-json\/wp\/v2\/pages\/13924"}],"wp:featuredmedia":[{"embeddable":true,"href":"https:\/\/azurally.com\/pt\/wp-json\/wp\/v2\/media\/13875"}],"wp:attachment":[{"href":"https:\/\/azurally.com\/pt\/wp-json\/wp\/v2\/media?parent=13871"}],"wp:term":[{"taxonomy":"category","embeddable":true,"href":"https:\/\/azurally.com\/pt\/wp-json\/wp\/v2\/categories?post=13871"}],"curies":[{"name":"wp","href":"https:\/\/api.w.org\/{rel}","templated":true}]}}