{"id":13870,"date":"2024-10-29T16:57:55","date_gmt":"2024-10-29T15:57:55","guid":{"rendered":"https:\/\/azurally.com\/crise-na-openai-o-pulso-de-sam-altman"},"modified":"2026-02-16T14:01:19","modified_gmt":"2026-02-16T13:01:19","slug":"crise-na-openai-o-pulso-de-sam-altman","status":"publish","type":"page","link":"https:\/\/azurally.com\/pt\/inteligencia-artificial\/crise-na-openai-o-pulso-de-sam-altman","title":{"rendered":"Crise na OpenAI: O pulso de Sam Altman"},"content":{"rendered":"","protected":false},"excerpt":{"rendered":"<p>A OpenAI tem sido not\u00edcia nos \u00faltimos dias porque o Conselho de Administra\u00e7\u00e3o decidiu despedir o diretor executivo Sam Altman.<\/p>\n","protected":false},"author":4,"featured_media":13873,"parent":14868,"menu_order":0,"comment_status":"closed","ping_status":"closed","template":"page-publicacion.php","meta":{"_acf_changed":false,"footnotes":""},"categories":[428,451,437],"class_list":["post-13870","page","type-page","status-publish","has-post-thumbnail","hentry","category-publicacoes","category-publicacoes-de-ia","category-publicacoes-ia"],"acf":[],"_links":{"self":[{"href":"https:\/\/azurally.com\/pt\/wp-json\/wp\/v2\/pages\/13870","targetHints":{"allow":["GET"]}}],"collection":[{"href":"https:\/\/azurally.com\/pt\/wp-json\/wp\/v2\/pages"}],"about":[{"href":"https:\/\/azurally.com\/pt\/wp-json\/wp\/v2\/types\/page"}],"author":[{"embeddable":true,"href":"https:\/\/azurally.com\/pt\/wp-json\/wp\/v2\/users\/4"}],"replies":[{"embeddable":true,"href":"https:\/\/azurally.com\/pt\/wp-json\/wp\/v2\/comments?post=13870"}],"version-history":[{"count":0,"href":"https:\/\/azurally.com\/pt\/wp-json\/wp\/v2\/pages\/13870\/revisions"}],"up":[{"embeddable":true,"href":"https:\/\/azurally.com\/pt\/wp-json\/wp\/v2\/pages\/14868"}],"wp:featuredmedia":[{"embeddable":true,"href":"https:\/\/azurally.com\/pt\/wp-json\/wp\/v2\/media\/13873"}],"wp:attachment":[{"href":"https:\/\/azurally.com\/pt\/wp-json\/wp\/v2\/media?parent=13870"}],"wp:term":[{"taxonomy":"category","embeddable":true,"href":"https:\/\/azurally.com\/pt\/wp-json\/wp\/v2\/categories?post=13870"}],"curies":[{"name":"wp","href":"https:\/\/api.w.org\/{rel}","templated":true}]}}