{"id":13866,"date":"2024-10-29T08:33:44","date_gmt":"2024-10-29T07:33:44","guid":{"rendered":"https:\/\/azurally.com\/lancamento-do-nosso-observatorio-das-redes-sociais-do-sector-farmaceutico-em-2023"},"modified":"2026-02-24T16:18:25","modified_gmt":"2026-02-24T15:18:25","slug":"lancamento-do-nosso-observatorio-das-redes-sociais-do-sector-farmaceutico-em-2023","status":"publish","type":"page","link":"https:\/\/azurally.com\/pt\/agencia-digital\/redes-sociais\/artigos-redes-sociais\/lancamento-do-nosso-observatorio-das-redes-sociais-do-sector-farmaceutico-em-2023","title":{"rendered":"Lan\u00e7amento do nosso observat\u00f3rio das redes sociais do sector farmac\u00eautico em 2023"},"content":{"rendered":"","protected":false},"excerpt":{"rendered":"<p>Na Azurally adoramos um desafio. Se recentemente public\u00e1mos um estudo pioneiro e completo sobre SEO na ind\u00fastria farmac\u00eautica espanhola (estudo sobre o posicionamento org\u00e2nico nos motores de busca) da nossa \u00e1rea de Life Science, o passo seguinte era claro desde o in\u00edcio: as redes sociais no sector no nosso pa\u00eds. Dito e feito, acabamos de apresentar o Pharma Social Media Observatory 2023: Analysis of the TOP 25 pharmaceutical companies in Spain, um trabalho muito revelador sobre a comunica\u00e7\u00e3o nas redes sociais das empresas farmac\u00eauticas e a perce\u00e7\u00e3o do seu p\u00fablico.  <\/p>\n","protected":false},"author":6,"featured_media":13868,"parent":13917,"menu_order":0,"comment_status":"closed","ping_status":"closed","template":"page-publicacion.php","meta":{"_acf_changed":false,"footnotes":""},"categories":[428,447,448],"class_list":["post-13866","page","type-page","status-publish","has-post-thumbnail","hentry","category-publicacoes","category-artigos-redes-sociais","category-artigos-redes-sociais-2"],"acf":[],"_links":{"self":[{"href":"https:\/\/azurally.com\/pt\/wp-json\/wp\/v2\/pages\/13866","targetHints":{"allow":["GET"]}}],"collection":[{"href":"https:\/\/azurally.com\/pt\/wp-json\/wp\/v2\/pages"}],"about":[{"href":"https:\/\/azurally.com\/pt\/wp-json\/wp\/v2\/types\/page"}],"author":[{"embeddable":true,"href":"https:\/\/azurally.com\/pt\/wp-json\/wp\/v2\/users\/6"}],"replies":[{"embeddable":true,"href":"https:\/\/azurally.com\/pt\/wp-json\/wp\/v2\/comments?post=13866"}],"version-history":[{"count":0,"href":"https:\/\/azurally.com\/pt\/wp-json\/wp\/v2\/pages\/13866\/revisions"}],"up":[{"embeddable":true,"href":"https:\/\/azurally.com\/pt\/wp-json\/wp\/v2\/pages\/13917"}],"wp:featuredmedia":[{"embeddable":true,"href":"https:\/\/azurally.com\/pt\/wp-json\/wp\/v2\/media\/13868"}],"wp:attachment":[{"href":"https:\/\/azurally.com\/pt\/wp-json\/wp\/v2\/media?parent=13866"}],"wp:term":[{"taxonomy":"category","embeddable":true,"href":"https:\/\/azurally.com\/pt\/wp-json\/wp\/v2\/categories?post=13866"}],"curies":[{"name":"wp","href":"https:\/\/api.w.org\/{rel}","templated":true}]}}