{"id":13861,"date":"2024-10-31T16:11:03","date_gmt":"2024-10-31T15:11:03","guid":{"rendered":"https:\/\/azurally.com\/faz-uma-maratona-com-os-webinars-da-azurally-academy"},"modified":"2026-02-26T10:05:17","modified_gmt":"2026-02-26T09:05:17","slug":"maratona-webinars-azurally-academy","status":"publish","type":"page","link":"https:\/\/azurally.com\/pt\/agencia-digital\/relacoes-publicas\/artigos-relacoes-publicas\/maratona-webinars-azurally-academy","title":{"rendered":"Participe de uma maratona com os webinars da Azurally Academy"},"content":{"rendered":"","protected":false},"excerpt":{"rendered":"<p>O que queres aprender? N\u00f3s trazemos-te isso! Continua a ler e encontra o t\u00f3pico que mais te interessa de entre todos os t\u00f3picos que abordamos na Azurally Academy &#8211; temos a certeza de que vais ganhar conhecimento com cada webinar!   <\/p>\n","protected":false},"author":6,"featured_media":13865,"parent":13924,"menu_order":0,"comment_status":"closed","ping_status":"closed","template":"page-publicacion.php","meta":{"_acf_changed":false,"footnotes":""},"categories":[428,450,449],"class_list":["post-13861","page","type-page","status-publish","has-post-thumbnail","hentry","category-publicacoes","category-publicacoes-de-relacoes-publicas","category-artigos-relacoes-publicas"],"acf":[],"_links":{"self":[{"href":"https:\/\/azurally.com\/pt\/wp-json\/wp\/v2\/pages\/13861","targetHints":{"allow":["GET"]}}],"collection":[{"href":"https:\/\/azurally.com\/pt\/wp-json\/wp\/v2\/pages"}],"about":[{"href":"https:\/\/azurally.com\/pt\/wp-json\/wp\/v2\/types\/page"}],"author":[{"embeddable":true,"href":"https:\/\/azurally.com\/pt\/wp-json\/wp\/v2\/users\/6"}],"replies":[{"embeddable":true,"href":"https:\/\/azurally.com\/pt\/wp-json\/wp\/v2\/comments?post=13861"}],"version-history":[{"count":0,"href":"https:\/\/azurally.com\/pt\/wp-json\/wp\/v2\/pages\/13861\/revisions"}],"up":[{"embeddable":true,"href":"https:\/\/azurally.com\/pt\/wp-json\/wp\/v2\/pages\/13924"}],"wp:featuredmedia":[{"embeddable":true,"href":"https:\/\/azurally.com\/pt\/wp-json\/wp\/v2\/media\/13865"}],"wp:attachment":[{"href":"https:\/\/azurally.com\/pt\/wp-json\/wp\/v2\/media?parent=13861"}],"wp:term":[{"taxonomy":"category","embeddable":true,"href":"https:\/\/azurally.com\/pt\/wp-json\/wp\/v2\/categories?post=13861"}],"curies":[{"name":"wp","href":"https:\/\/api.w.org\/{rel}","templated":true}]}}