{"id":13860,"date":"2024-10-29T08:27:24","date_gmt":"2024-10-29T07:27:24","guid":{"rendered":"https:\/\/azurally.com\/mais-rapido-do-que-as-joias-do-rally-classic-mallorca"},"modified":"2026-02-26T09:22:53","modified_gmt":"2026-02-26T08:22:53","slug":"mais-rapido-reliquias-rally-clasico-mallorca","status":"publish","type":"page","link":"https:\/\/azurally.com\/pt\/agencia-digital\/redes-sociais\/artigos-redes-sociais\/mais-rapido-reliquias-rally-clasico-mallorca","title":{"rendered":"Mais R\u00e1pido que as Rel\u00edquias do Rally Cl\u00e1ssico Mallorca"},"content":{"rendered":"","protected":false},"excerpt":{"rendered":"<p>Como podes imaginar, fazer parte de um evento desportivo desta natureza n\u00e3o \u00e9 tarefa f\u00e1cil. E aqueles que n\u00e3o conhecem o trabalho e a dedica\u00e7\u00e3o que implica fazer parte da equipa de rela\u00e7\u00f5es p\u00fablicas e comunica\u00e7\u00e3o do Rally Cl\u00e1sico Mallorca, v\u00e3o compreend\u00ea-lo nas linhas seguintes. Porque se os carros t\u00eam de ser r\u00e1pidos, n\u00f3s temos de estar sempre \u00e0 frente deles.  <\/p>\n","protected":false},"author":6,"featured_media":13862,"parent":13917,"menu_order":0,"comment_status":"closed","ping_status":"closed","template":"page-publicacion.php","meta":{"_acf_changed":false,"footnotes":""},"categories":[428,447,448],"class_list":["post-13860","page","type-page","status-publish","has-post-thumbnail","hentry","category-publicacoes","category-artigos-redes-sociais","category-artigos-redes-sociais-2"],"acf":[],"_links":{"self":[{"href":"https:\/\/azurally.com\/pt\/wp-json\/wp\/v2\/pages\/13860","targetHints":{"allow":["GET"]}}],"collection":[{"href":"https:\/\/azurally.com\/pt\/wp-json\/wp\/v2\/pages"}],"about":[{"href":"https:\/\/azurally.com\/pt\/wp-json\/wp\/v2\/types\/page"}],"author":[{"embeddable":true,"href":"https:\/\/azurally.com\/pt\/wp-json\/wp\/v2\/users\/6"}],"replies":[{"embeddable":true,"href":"https:\/\/azurally.com\/pt\/wp-json\/wp\/v2\/comments?post=13860"}],"version-history":[{"count":0,"href":"https:\/\/azurally.com\/pt\/wp-json\/wp\/v2\/pages\/13860\/revisions"}],"up":[{"embeddable":true,"href":"https:\/\/azurally.com\/pt\/wp-json\/wp\/v2\/pages\/13917"}],"wp:featuredmedia":[{"embeddable":true,"href":"https:\/\/azurally.com\/pt\/wp-json\/wp\/v2\/media\/13862"}],"wp:attachment":[{"href":"https:\/\/azurally.com\/pt\/wp-json\/wp\/v2\/media?parent=13860"}],"wp:term":[{"taxonomy":"category","embeddable":true,"href":"https:\/\/azurally.com\/pt\/wp-json\/wp\/v2\/categories?post=13860"}],"curies":[{"name":"wp","href":"https:\/\/api.w.org\/{rel}","templated":true}]}}