{"id":13857,"date":"2024-10-31T15:44:41","date_gmt":"2024-10-31T14:44:41","guid":{"rendered":"https:\/\/azurally.com\/smile-i-shoot-um-dia-de-filmagens"},"modified":"2026-02-26T10:04:14","modified_gmt":"2026-02-26T09:04:14","slug":"um-dia-shooting","status":"publish","type":"page","link":"https:\/\/azurally.com\/pt\/agencia-digital\/relacoes-publicas\/artigos-relacoes-publicas\/um-dia-shooting","title":{"rendered":"Sorria, vou fotografar: um dia de sess\u00e3o fotogr\u00e1fica"},"content":{"rendered":"","protected":false},"excerpt":{"rendered":"<p>J\u00e1 alguma vez te perguntaste de onde vem a palavra &#8220;fotografia&#8221;? Phos \u00e9 luz e grafis \u00e9 escrever, muito po\u00e9tico, n\u00e3o achas? Por isso, quando tiramos uma fotografia, \u00e9 como se diss\u00e9ssemos que estamos a escrever na luz. At\u00e9 parece m\u00e1gico quando o dizes assim.   <\/p>\n","protected":false},"author":6,"featured_media":13859,"parent":13924,"menu_order":0,"comment_status":"closed","ping_status":"closed","template":"page-publicacion.php","meta":{"_acf_changed":false,"footnotes":""},"categories":[428,450,449],"class_list":["post-13857","page","type-page","status-publish","has-post-thumbnail","hentry","category-publicacoes","category-publicacoes-de-relacoes-publicas","category-artigos-relacoes-publicas"],"acf":[],"_links":{"self":[{"href":"https:\/\/azurally.com\/pt\/wp-json\/wp\/v2\/pages\/13857","targetHints":{"allow":["GET"]}}],"collection":[{"href":"https:\/\/azurally.com\/pt\/wp-json\/wp\/v2\/pages"}],"about":[{"href":"https:\/\/azurally.com\/pt\/wp-json\/wp\/v2\/types\/page"}],"author":[{"embeddable":true,"href":"https:\/\/azurally.com\/pt\/wp-json\/wp\/v2\/users\/6"}],"replies":[{"embeddable":true,"href":"https:\/\/azurally.com\/pt\/wp-json\/wp\/v2\/comments?post=13857"}],"version-history":[{"count":0,"href":"https:\/\/azurally.com\/pt\/wp-json\/wp\/v2\/pages\/13857\/revisions"}],"up":[{"embeddable":true,"href":"https:\/\/azurally.com\/pt\/wp-json\/wp\/v2\/pages\/13924"}],"wp:featuredmedia":[{"embeddable":true,"href":"https:\/\/azurally.com\/pt\/wp-json\/wp\/v2\/media\/13859"}],"wp:attachment":[{"href":"https:\/\/azurally.com\/pt\/wp-json\/wp\/v2\/media?parent=13857"}],"wp:term":[{"taxonomy":"category","embeddable":true,"href":"https:\/\/azurally.com\/pt\/wp-json\/wp\/v2\/categories?post=13857"}],"curies":[{"name":"wp","href":"https:\/\/api.w.org\/{rel}","templated":true}]}}