{"id":13856,"date":"2024-10-28T17:14:32","date_gmt":"2024-10-28T16:14:32","guid":{"rendered":"https:\/\/azurally.com\/melhora-o-envolvimento-na-tua-estrategia-de-redes-sociais"},"modified":"2026-02-26T09:23:25","modified_gmt":"2026-02-26T08:23:25","slug":"melhorar-engagement-estrategia-redes-sociais","status":"publish","type":"page","link":"https:\/\/azurally.com\/pt\/agencia-digital\/redes-sociais\/artigos-redes-sociais\/melhorar-engagement-estrategia-redes-sociais","title":{"rendered":"Melhorar o Engagement na Estrat\u00e9gia de Redes Sociais"},"content":{"rendered":"","protected":false},"excerpt":{"rendered":"<p>O sector do marketing digital est\u00e1 repleto de anglicismos como briefing, target ou landing page, que j\u00e1 fazem parte do nosso vocabul\u00e1rio quotidiano, sem esquecer, claro, uma das m\u00e9tricas por excel\u00eancia: o engagement. O verbo engage pode ser traduzido como &#8220;comprometer, envolver, atrair a aten\u00e7\u00e3o&#8230;&#8221; e \u00e9 precisamente esta m\u00e9trica que mede o grau de intera\u00e7\u00e3o dos utilizadores com uma marca. E, claro, conhecendo o seu significado, \u00e9 inevit\u00e1vel relacionar a m\u00e9trica de engagement com as redes sociais.  <\/p>\n","protected":false},"author":6,"featured_media":13858,"parent":13917,"menu_order":0,"comment_status":"closed","ping_status":"closed","template":"page-publicacion.php","meta":{"_acf_changed":false,"footnotes":""},"categories":[428,447,448],"class_list":["post-13856","page","type-page","status-publish","has-post-thumbnail","hentry","category-publicacoes","category-artigos-redes-sociais","category-artigos-redes-sociais-2"],"acf":[],"_links":{"self":[{"href":"https:\/\/azurally.com\/pt\/wp-json\/wp\/v2\/pages\/13856","targetHints":{"allow":["GET"]}}],"collection":[{"href":"https:\/\/azurally.com\/pt\/wp-json\/wp\/v2\/pages"}],"about":[{"href":"https:\/\/azurally.com\/pt\/wp-json\/wp\/v2\/types\/page"}],"author":[{"embeddable":true,"href":"https:\/\/azurally.com\/pt\/wp-json\/wp\/v2\/users\/6"}],"replies":[{"embeddable":true,"href":"https:\/\/azurally.com\/pt\/wp-json\/wp\/v2\/comments?post=13856"}],"version-history":[{"count":0,"href":"https:\/\/azurally.com\/pt\/wp-json\/wp\/v2\/pages\/13856\/revisions"}],"up":[{"embeddable":true,"href":"https:\/\/azurally.com\/pt\/wp-json\/wp\/v2\/pages\/13917"}],"wp:featuredmedia":[{"embeddable":true,"href":"https:\/\/azurally.com\/pt\/wp-json\/wp\/v2\/media\/13858"}],"wp:attachment":[{"href":"https:\/\/azurally.com\/pt\/wp-json\/wp\/v2\/media?parent=13856"}],"wp:term":[{"taxonomy":"category","embeddable":true,"href":"https:\/\/azurally.com\/pt\/wp-json\/wp\/v2\/categories?post=13856"}],"curies":[{"name":"wp","href":"https:\/\/api.w.org\/{rel}","templated":true}]}}