{"id":13853,"date":"2024-10-28T17:10:30","date_gmt":"2024-10-28T16:10:30","guid":{"rendered":"https:\/\/azurally.com\/detox-digital-em-tempos-de-confinamento-nao-contes-comigo"},"modified":"2026-02-26T09:23:56","modified_gmt":"2026-02-26T08:23:56","slug":"detox-digital-tempos-confinamento","status":"publish","type":"page","link":"https:\/\/azurally.com\/pt\/agencia-digital\/redes-sociais\/artigos-redes-sociais\/detox-digital-tempos-confinamento","title":{"rendered":"Detox Digital em Tempos de Confinamento"},"content":{"rendered":"","protected":false},"excerpt":{"rendered":"<p>85% dos utilizadores da Internet com idades compreendidas entre os 16 e os 65 anos utilizam as redes sociais, o que representa mais de 25,5 milh\u00f5es de utilizadores no nosso pa\u00eds. Muito se tem falado sobre uma das tend\u00eancias das Redes Sociais em 2020, o &#8220;Digital Detox&#8221;. E digo que muito se tem falado, obviamente b.c. (antes do Coronav\u00edrus).  <\/p>\n","protected":false},"author":6,"featured_media":13855,"parent":13917,"menu_order":0,"comment_status":"closed","ping_status":"closed","template":"page-publicacion.php","meta":{"_acf_changed":false,"footnotes":""},"categories":[428,447,448],"class_list":["post-13853","page","type-page","status-publish","has-post-thumbnail","hentry","category-publicacoes","category-artigos-redes-sociais","category-artigos-redes-sociais-2"],"acf":[],"_links":{"self":[{"href":"https:\/\/azurally.com\/pt\/wp-json\/wp\/v2\/pages\/13853","targetHints":{"allow":["GET"]}}],"collection":[{"href":"https:\/\/azurally.com\/pt\/wp-json\/wp\/v2\/pages"}],"about":[{"href":"https:\/\/azurally.com\/pt\/wp-json\/wp\/v2\/types\/page"}],"author":[{"embeddable":true,"href":"https:\/\/azurally.com\/pt\/wp-json\/wp\/v2\/users\/6"}],"replies":[{"embeddable":true,"href":"https:\/\/azurally.com\/pt\/wp-json\/wp\/v2\/comments?post=13853"}],"version-history":[{"count":0,"href":"https:\/\/azurally.com\/pt\/wp-json\/wp\/v2\/pages\/13853\/revisions"}],"up":[{"embeddable":true,"href":"https:\/\/azurally.com\/pt\/wp-json\/wp\/v2\/pages\/13917"}],"wp:featuredmedia":[{"embeddable":true,"href":"https:\/\/azurally.com\/pt\/wp-json\/wp\/v2\/media\/13855"}],"wp:attachment":[{"href":"https:\/\/azurally.com\/pt\/wp-json\/wp\/v2\/media?parent=13853"}],"wp:term":[{"taxonomy":"category","embeddable":true,"href":"https:\/\/azurally.com\/pt\/wp-json\/wp\/v2\/categories?post=13853"}],"curies":[{"name":"wp","href":"https:\/\/api.w.org\/{rel}","templated":true}]}}