{"id":13852,"date":"2024-10-24T09:55:36","date_gmt":"2024-10-24T07:55:36","guid":{"rendered":"https:\/\/azurally.com\/as-maes-e-as-redes-sociais-uma-oportunidade-de-ouro-para-as-empresas"},"modified":"2026-02-26T09:31:02","modified_gmt":"2026-02-26T08:31:02","slug":"maes-redes-sociais-oportunidade-para-empresas","status":"publish","type":"page","link":"https:\/\/azurally.com\/pt\/agencia-digital\/redes-sociais\/artigos-redes-sociais\/maes-redes-sociais-oportunidade-para-empresas","title":{"rendered":"M\u00e3es e Redes Sociais: Oportunidade para Empresas"},"content":{"rendered":"","protected":false},"excerpt":{"rendered":"<p>\u00c9 verdade, as m\u00e3es est\u00e3o mais digitais do que nunca. Mas vamos aos factos. Um estudo recente realizado pela Edison Research em 2017 revelou que 9 em cada 10 m\u00e3es utilizam as redes sociais, sendo o Facebook (84%) e o Instagram (37%) os seus canais preferidos. Al\u00e9m disso, 67% fazem-no v\u00e1rias vezes por dia e atrav\u00e9s do telem\u00f3vel. Isto \u00e9 definitivamente uma boa not\u00edcia se geres um neg\u00f3cio&#8230; desde que saibas como te dirigires ao teu p\u00fablico-alvo atrav\u00e9s delas!    <\/p>\n","protected":false},"author":6,"featured_media":13854,"parent":13917,"menu_order":0,"comment_status":"closed","ping_status":"closed","template":"page-publicacion.php","meta":{"_acf_changed":false,"footnotes":""},"categories":[428,447,448],"class_list":["post-13852","page","type-page","status-publish","has-post-thumbnail","hentry","category-publicacoes","category-artigos-redes-sociais","category-artigos-redes-sociais-2"],"acf":[],"_links":{"self":[{"href":"https:\/\/azurally.com\/pt\/wp-json\/wp\/v2\/pages\/13852","targetHints":{"allow":["GET"]}}],"collection":[{"href":"https:\/\/azurally.com\/pt\/wp-json\/wp\/v2\/pages"}],"about":[{"href":"https:\/\/azurally.com\/pt\/wp-json\/wp\/v2\/types\/page"}],"author":[{"embeddable":true,"href":"https:\/\/azurally.com\/pt\/wp-json\/wp\/v2\/users\/6"}],"replies":[{"embeddable":true,"href":"https:\/\/azurally.com\/pt\/wp-json\/wp\/v2\/comments?post=13852"}],"version-history":[{"count":0,"href":"https:\/\/azurally.com\/pt\/wp-json\/wp\/v2\/pages\/13852\/revisions"}],"up":[{"embeddable":true,"href":"https:\/\/azurally.com\/pt\/wp-json\/wp\/v2\/pages\/13917"}],"wp:featuredmedia":[{"embeddable":true,"href":"https:\/\/azurally.com\/pt\/wp-json\/wp\/v2\/media\/13854"}],"wp:attachment":[{"href":"https:\/\/azurally.com\/pt\/wp-json\/wp\/v2\/media?parent=13852"}],"wp:term":[{"taxonomy":"category","embeddable":true,"href":"https:\/\/azurally.com\/pt\/wp-json\/wp\/v2\/categories?post=13852"}],"curies":[{"name":"wp","href":"https:\/\/api.w.org\/{rel}","templated":true}]}}