{"id":13846,"date":"2024-10-28T16:51:33","date_gmt":"2024-10-28T15:51:33","guid":{"rendered":"https:\/\/azurally.com\/os-influenciadores-tem-agora-a-sua-nova-lei-apresentamos-te-um-resumo-dos-pontos-mais-importantes"},"modified":"2026-02-24T16:20:04","modified_gmt":"2026-02-24T15:20:04","slug":"os-influenciadores-tem-agora-a-sua-nova-lei-apresentamos-te-um-resumo-dos-pontos-mais-importantes","status":"publish","type":"page","link":"https:\/\/azurally.com\/pt\/agencia-digital\/redes-sociais\/artigos-redes-sociais\/os-influenciadores-tem-agora-a-sua-nova-lei-apresentamos-te-um-resumo-dos-pontos-mais-importantes","title":{"rendered":"Os influenciadores t\u00eam agora a sua nova lei. Apresentamos-te um resumo dos pontos mais importantes"},"content":{"rendered":"","protected":false},"excerpt":{"rendered":"<p>No passado m\u00eas de maio, foi aprovado o Real Decreto 444\/2024, que regula os requisitos para efeitos de ser considerado utilizador de especial relev\u00e2ncia dos servi\u00e7os de partilha de v\u00eddeos atrav\u00e9s de uma plataforma, mais conhecido como a &#8220;Lei dos Influenciadores&#8221;.<\/p>\n","protected":false},"author":6,"featured_media":13851,"parent":13917,"menu_order":0,"comment_status":"closed","ping_status":"closed","template":"page-publicacion.php","meta":{"_acf_changed":false,"footnotes":""},"categories":[428,447,448],"class_list":["post-13846","page","type-page","status-publish","has-post-thumbnail","hentry","category-publicacoes","category-artigos-redes-sociais","category-artigos-redes-sociais-2"],"acf":[],"_links":{"self":[{"href":"https:\/\/azurally.com\/pt\/wp-json\/wp\/v2\/pages\/13846","targetHints":{"allow":["GET"]}}],"collection":[{"href":"https:\/\/azurally.com\/pt\/wp-json\/wp\/v2\/pages"}],"about":[{"href":"https:\/\/azurally.com\/pt\/wp-json\/wp\/v2\/types\/page"}],"author":[{"embeddable":true,"href":"https:\/\/azurally.com\/pt\/wp-json\/wp\/v2\/users\/6"}],"replies":[{"embeddable":true,"href":"https:\/\/azurally.com\/pt\/wp-json\/wp\/v2\/comments?post=13846"}],"version-history":[{"count":0,"href":"https:\/\/azurally.com\/pt\/wp-json\/wp\/v2\/pages\/13846\/revisions"}],"up":[{"embeddable":true,"href":"https:\/\/azurally.com\/pt\/wp-json\/wp\/v2\/pages\/13917"}],"wp:featuredmedia":[{"embeddable":true,"href":"https:\/\/azurally.com\/pt\/wp-json\/wp\/v2\/media\/13851"}],"wp:attachment":[{"href":"https:\/\/azurally.com\/pt\/wp-json\/wp\/v2\/media?parent=13846"}],"wp:term":[{"taxonomy":"category","embeddable":true,"href":"https:\/\/azurally.com\/pt\/wp-json\/wp\/v2\/categories?post=13846"}],"curies":[{"name":"wp","href":"https:\/\/api.w.org\/{rel}","templated":true}]}}