{"id":13844,"date":"2024-10-24T09:27:41","date_gmt":"2024-10-24T07:27:41","guid":{"rendered":"https:\/\/azurally.com\/o-que-ha-de-novo-para-o-tiktok-em-2024-desde-mudancas-na-sua-estrutura-e-aplicacao-ate-a-sua-insercao-no-contexto-geopolitico"},"modified":"2026-02-26T10:24:10","modified_gmt":"2026-02-26T09:24:10","slug":"tiktok-novidades-2024","status":"publish","type":"page","link":"https:\/\/azurally.com\/pt\/agencia-digital\/redes-sociais\/artigos-redes-sociais\/tiktok-novidades-2024","title":{"rendered":"TikTok: Novidades 2024"},"content":{"rendered":"","protected":false},"excerpt":{"rendered":"<p>O TikTok, a rede social nascida na China que est\u00e1 a fazer ondas, continua a definir o padr\u00e3o com a sua capacidade de evoluir e de se adaptar \u00e0s novas exig\u00eancias dos seus utilizadores. Nos \u00faltimos meses, a popular plataforma de v\u00eddeos curtos passou por uma s\u00e9rie de transforma\u00e7\u00f5es significativas que est\u00e3o a redefinir a experi\u00eancia tanto para os criadores como para os espectadores. Abaixo, analisamos os \u00faltimos desenvolvimentos que est\u00e3o a abalar o mundo do TikTok em 2024 e as redes sociais e o que significam para a sua comunidade global.  <\/p>\n","protected":false},"author":6,"featured_media":13848,"parent":13917,"menu_order":0,"comment_status":"closed","ping_status":"closed","template":"page-publicacion.php","meta":{"_acf_changed":false,"footnotes":""},"categories":[428,447,448],"class_list":["post-13844","page","type-page","status-publish","has-post-thumbnail","hentry","category-publicacoes","category-artigos-redes-sociais","category-artigos-redes-sociais-2"],"acf":[],"_links":{"self":[{"href":"https:\/\/azurally.com\/pt\/wp-json\/wp\/v2\/pages\/13844","targetHints":{"allow":["GET"]}}],"collection":[{"href":"https:\/\/azurally.com\/pt\/wp-json\/wp\/v2\/pages"}],"about":[{"href":"https:\/\/azurally.com\/pt\/wp-json\/wp\/v2\/types\/page"}],"author":[{"embeddable":true,"href":"https:\/\/azurally.com\/pt\/wp-json\/wp\/v2\/users\/6"}],"replies":[{"embeddable":true,"href":"https:\/\/azurally.com\/pt\/wp-json\/wp\/v2\/comments?post=13844"}],"version-history":[{"count":0,"href":"https:\/\/azurally.com\/pt\/wp-json\/wp\/v2\/pages\/13844\/revisions"}],"up":[{"embeddable":true,"href":"https:\/\/azurally.com\/pt\/wp-json\/wp\/v2\/pages\/13917"}],"wp:featuredmedia":[{"embeddable":true,"href":"https:\/\/azurally.com\/pt\/wp-json\/wp\/v2\/media\/13848"}],"wp:attachment":[{"href":"https:\/\/azurally.com\/pt\/wp-json\/wp\/v2\/media?parent=13844"}],"wp:term":[{"taxonomy":"category","embeddable":true,"href":"https:\/\/azurally.com\/pt\/wp-json\/wp\/v2\/categories?post=13844"}],"curies":[{"name":"wp","href":"https:\/\/api.w.org\/{rel}","templated":true}]}}