{"id":13842,"date":"2024-10-28T16:20:34","date_gmt":"2024-10-28T15:20:34","guid":{"rendered":"https:\/\/azurally.com\/phishing-nas-redes-sociais-o-que-fazer"},"modified":"2026-02-26T09:26:29","modified_gmt":"2026-02-26T08:26:29","slug":"falsificacao-identidade-redes-sociais-o-que-fazer","status":"publish","type":"page","link":"https:\/\/azurally.com\/pt\/agencia-digital\/redes-sociais\/artigos-redes-sociais\/falsificacao-identidade-redes-sociais-o-que-fazer","title":{"rendered":"Falsifica\u00e7\u00e3o de Identidade nas Redes Sociais"},"content":{"rendered":"","protected":false},"excerpt":{"rendered":"<p>A falsifica\u00e7\u00e3o de identidade nas redes sociais est\u00e1 na ordem do dia. Cantores, actores, futebolistas, youtubers, ou mesmo as marcas mais conhecidas, sempre foram o principal alvo dos cibercriminosos. No entanto, a realidade \u00e9 que, hoje em dia, este tipo de ataque n\u00e3o se destina apenas a figuras p\u00fablicas. S\u00e3o cada vez mais os utilizadores an\u00f3nimos que s\u00e3o afectados por este tipo de roubo de identidade.   <\/p>\n","protected":false},"author":6,"featured_media":13845,"parent":13917,"menu_order":0,"comment_status":"closed","ping_status":"closed","template":"page-publicacion.php","meta":{"_acf_changed":false,"footnotes":""},"categories":[428,448,447],"class_list":["post-13842","page","type-page","status-publish","has-post-thumbnail","hentry","category-publicacoes","category-artigos-redes-sociais-2","category-artigos-redes-sociais"],"acf":[],"_links":{"self":[{"href":"https:\/\/azurally.com\/pt\/wp-json\/wp\/v2\/pages\/13842","targetHints":{"allow":["GET"]}}],"collection":[{"href":"https:\/\/azurally.com\/pt\/wp-json\/wp\/v2\/pages"}],"about":[{"href":"https:\/\/azurally.com\/pt\/wp-json\/wp\/v2\/types\/page"}],"author":[{"embeddable":true,"href":"https:\/\/azurally.com\/pt\/wp-json\/wp\/v2\/users\/6"}],"replies":[{"embeddable":true,"href":"https:\/\/azurally.com\/pt\/wp-json\/wp\/v2\/comments?post=13842"}],"version-history":[{"count":0,"href":"https:\/\/azurally.com\/pt\/wp-json\/wp\/v2\/pages\/13842\/revisions"}],"up":[{"embeddable":true,"href":"https:\/\/azurally.com\/pt\/wp-json\/wp\/v2\/pages\/13917"}],"wp:featuredmedia":[{"embeddable":true,"href":"https:\/\/azurally.com\/pt\/wp-json\/wp\/v2\/media\/13845"}],"wp:attachment":[{"href":"https:\/\/azurally.com\/pt\/wp-json\/wp\/v2\/media?parent=13842"}],"wp:term":[{"taxonomy":"category","embeddable":true,"href":"https:\/\/azurally.com\/pt\/wp-json\/wp\/v2\/categories?post=13842"}],"curies":[{"name":"wp","href":"https:\/\/api.w.org\/{rel}","templated":true}]}}