{"id":13841,"date":"2024-10-24T09:06:24","date_gmt":"2024-10-24T07:06:24","guid":{"rendered":"https:\/\/azurally.com\/o-futuro-do-marketing-digital-com-azurally-na-italks"},"modified":"2026-02-26T09:32:30","modified_gmt":"2026-02-26T08:32:30","slug":"italks-azurally-futuro-marketing-digital","status":"publish","type":"page","link":"https:\/\/azurally.com\/pt\/agencia-digital\/redes-sociais\/artigos-redes-sociais\/italks-azurally-futuro-marketing-digital","title":{"rendered":"iTalks Azurally: Futuro do Marketing Digital"},"content":{"rendered":"","protected":false},"excerpt":{"rendered":"<p>Na Azurally, n\u00e3o gostamos de nada mais do que partilhar a nossa experi\u00eancia com grandes personalidades do marketing digital e do E-Business. \u00c9 por isso que \u00e9 um prazer para a Prensa Ib\u00e9rica contar com o nosso apoio no seu ciclo de iTalks, um evento poderoso com o quem \u00e9 quem do tecido empresarial do corredor mediterr\u00e2nico. Realizou-se no passado dia 15 de novembro e fomos l\u00e1 com uma representa\u00e7\u00e3o do melhor da nossa equipa.  <\/p>\n","protected":false},"author":6,"featured_media":13843,"parent":13917,"menu_order":0,"comment_status":"closed","ping_status":"closed","template":"page-publicacion.php","meta":{"_acf_changed":false,"footnotes":""},"categories":[428,447,448],"class_list":["post-13841","page","type-page","status-publish","has-post-thumbnail","hentry","category-publicacoes","category-artigos-redes-sociais","category-artigos-redes-sociais-2"],"acf":[],"_links":{"self":[{"href":"https:\/\/azurally.com\/pt\/wp-json\/wp\/v2\/pages\/13841","targetHints":{"allow":["GET"]}}],"collection":[{"href":"https:\/\/azurally.com\/pt\/wp-json\/wp\/v2\/pages"}],"about":[{"href":"https:\/\/azurally.com\/pt\/wp-json\/wp\/v2\/types\/page"}],"author":[{"embeddable":true,"href":"https:\/\/azurally.com\/pt\/wp-json\/wp\/v2\/users\/6"}],"replies":[{"embeddable":true,"href":"https:\/\/azurally.com\/pt\/wp-json\/wp\/v2\/comments?post=13841"}],"version-history":[{"count":0,"href":"https:\/\/azurally.com\/pt\/wp-json\/wp\/v2\/pages\/13841\/revisions"}],"up":[{"embeddable":true,"href":"https:\/\/azurally.com\/pt\/wp-json\/wp\/v2\/pages\/13917"}],"wp:featuredmedia":[{"embeddable":true,"href":"https:\/\/azurally.com\/pt\/wp-json\/wp\/v2\/media\/13843"}],"wp:attachment":[{"href":"https:\/\/azurally.com\/pt\/wp-json\/wp\/v2\/media?parent=13841"}],"wp:term":[{"taxonomy":"category","embeddable":true,"href":"https:\/\/azurally.com\/pt\/wp-json\/wp\/v2\/categories?post=13841"}],"curies":[{"name":"wp","href":"https:\/\/api.w.org\/{rel}","templated":true}]}}