{"id":13837,"date":"2024-10-28T16:13:16","date_gmt":"2024-10-28T15:13:16","guid":{"rendered":"https:\/\/azurally.com\/os-jovens-o-novo-desafio-de-comunicacao-para-o-sector-imobiliario-ii"},"modified":"2026-02-26T09:27:10","modified_gmt":"2026-02-26T08:27:10","slug":"jovens-novo-desafio-comunicacao-setor-imobiliario-ii","status":"publish","type":"page","link":"https:\/\/azurally.com\/pt\/agencia-digital\/redes-sociais\/artigos-redes-sociais\/jovens-novo-desafio-comunicacao-setor-imobiliario-ii","title":{"rendered":"Os Jovens: Novo Desafio de Comunica\u00e7\u00e3o no Setor Imobili\u00e1rio"},"content":{"rendered":"","protected":false},"excerpt":{"rendered":"<p>Na minha publica\u00e7\u00e3o anterior sobre o sector imobili\u00e1rio, analis\u00e1mos as diferen\u00e7as geracionais na compra de uma casa e o comportamento dos jovens no que diz respeito a uma estrat\u00e9gia comercial. Chegou, portanto, a altura de analisar em profundidade o fator oportunidade e o desafio que este representa para as marcas. <\/p>\n","protected":false},"author":6,"featured_media":13840,"parent":13917,"menu_order":0,"comment_status":"closed","ping_status":"closed","template":"page-publicacion.php","meta":{"_acf_changed":false,"footnotes":""},"categories":[428,447,448],"class_list":["post-13837","page","type-page","status-publish","has-post-thumbnail","hentry","category-publicacoes","category-artigos-redes-sociais","category-artigos-redes-sociais-2"],"acf":[],"_links":{"self":[{"href":"https:\/\/azurally.com\/pt\/wp-json\/wp\/v2\/pages\/13837","targetHints":{"allow":["GET"]}}],"collection":[{"href":"https:\/\/azurally.com\/pt\/wp-json\/wp\/v2\/pages"}],"about":[{"href":"https:\/\/azurally.com\/pt\/wp-json\/wp\/v2\/types\/page"}],"author":[{"embeddable":true,"href":"https:\/\/azurally.com\/pt\/wp-json\/wp\/v2\/users\/6"}],"replies":[{"embeddable":true,"href":"https:\/\/azurally.com\/pt\/wp-json\/wp\/v2\/comments?post=13837"}],"version-history":[{"count":0,"href":"https:\/\/azurally.com\/pt\/wp-json\/wp\/v2\/pages\/13837\/revisions"}],"up":[{"embeddable":true,"href":"https:\/\/azurally.com\/pt\/wp-json\/wp\/v2\/pages\/13917"}],"wp:featuredmedia":[{"embeddable":true,"href":"https:\/\/azurally.com\/pt\/wp-json\/wp\/v2\/media\/13840"}],"wp:attachment":[{"href":"https:\/\/azurally.com\/pt\/wp-json\/wp\/v2\/media?parent=13837"}],"wp:term":[{"taxonomy":"category","embeddable":true,"href":"https:\/\/azurally.com\/pt\/wp-json\/wp\/v2\/categories?post=13837"}],"curies":[{"name":"wp","href":"https:\/\/api.w.org\/{rel}","templated":true}]}}