{"id":13836,"date":"2024-10-23T16:59:27","date_gmt":"2024-10-23T14:59:27","guid":{"rendered":"https:\/\/azurally.com\/experiencia-do-cliente-no-sector-farmaceutico"},"modified":"2026-02-26T09:33:29","modified_gmt":"2026-02-26T08:33:29","slug":"experiencia-cliente-setor-farmaceutico","status":"publish","type":"page","link":"https:\/\/azurally.com\/pt\/agencia-digital\/redes-sociais\/artigos-redes-sociais\/experiencia-cliente-setor-farmaceutico","title":{"rendered":"Experi\u00eancia do Cliente no Setor Farmac\u00eautico"},"content":{"rendered":"","protected":false},"excerpt":{"rendered":"<p>O sector farmac\u00eautico est\u00e1 a mudar. De acordo com um estudo da Pharmaceutical Technology, a pandemia da COVID-19 acelerou a transforma\u00e7\u00e3o digital em mais de 5 anos. E, claro, em 2023, a viagem continua. Espera-se que as empresas farmac\u00eauticas continuem a desenvolver estrat\u00e9gias online com foco nos profissionais de sa\u00fade e nos pacientes. Conscientes desta mudan\u00e7a, a partir da \u00e1rea de neg\u00f3cio Life Science da Azurally, queremos servir de porta-voz para explicar em que consiste esta evolu\u00e7\u00e3o do mundo farmac\u00eautico na sua mudan\u00e7a para o ecossistema online.    <\/p>\n","protected":false},"author":6,"featured_media":13839,"parent":13917,"menu_order":0,"comment_status":"closed","ping_status":"closed","template":"page-publicacion.php","meta":{"_acf_changed":false,"footnotes":""},"categories":[428,447,448],"class_list":["post-13836","page","type-page","status-publish","has-post-thumbnail","hentry","category-publicacoes","category-artigos-redes-sociais","category-artigos-redes-sociais-2"],"acf":[],"_links":{"self":[{"href":"https:\/\/azurally.com\/pt\/wp-json\/wp\/v2\/pages\/13836","targetHints":{"allow":["GET"]}}],"collection":[{"href":"https:\/\/azurally.com\/pt\/wp-json\/wp\/v2\/pages"}],"about":[{"href":"https:\/\/azurally.com\/pt\/wp-json\/wp\/v2\/types\/page"}],"author":[{"embeddable":true,"href":"https:\/\/azurally.com\/pt\/wp-json\/wp\/v2\/users\/6"}],"replies":[{"embeddable":true,"href":"https:\/\/azurally.com\/pt\/wp-json\/wp\/v2\/comments?post=13836"}],"version-history":[{"count":0,"href":"https:\/\/azurally.com\/pt\/wp-json\/wp\/v2\/pages\/13836\/revisions"}],"up":[{"embeddable":true,"href":"https:\/\/azurally.com\/pt\/wp-json\/wp\/v2\/pages\/13917"}],"wp:featuredmedia":[{"embeddable":true,"href":"https:\/\/azurally.com\/pt\/wp-json\/wp\/v2\/media\/13839"}],"wp:attachment":[{"href":"https:\/\/azurally.com\/pt\/wp-json\/wp\/v2\/media?parent=13836"}],"wp:term":[{"taxonomy":"category","embeddable":true,"href":"https:\/\/azurally.com\/pt\/wp-json\/wp\/v2\/categories?post=13836"}],"curies":[{"name":"wp","href":"https:\/\/api.w.org\/{rel}","templated":true}]}}