{"id":13833,"date":"2024-10-28T15:55:00","date_gmt":"2024-10-28T14:55:00","guid":{"rendered":"https:\/\/azurally.com\/estrategias-de-marketing-no-instagram-para-empresas"},"modified":"2026-02-26T09:30:16","modified_gmt":"2026-02-26T08:30:16","slug":"estrategias-marketing-instagram-empresas","status":"publish","type":"page","link":"https:\/\/azurally.com\/pt\/agencia-digital\/redes-sociais\/artigos-redes-sociais\/estrategias-marketing-instagram-empresas","title":{"rendered":"Estrat\u00e9gias de Marketing no Instagram para Empresas"},"content":{"rendered":"","protected":false},"excerpt":{"rendered":"<p>Como sabemos, o Instagram est\u00e1 no top 5 das redes sociais mais utilizadas no mundo. Com 1,2 milh\u00f5es de utilizadores (e a aumentar), \u00e9 uma das redes preferidas dos utilizadores, mas tamb\u00e9m das empresas. <\/p>\n","protected":false},"author":6,"featured_media":13835,"parent":13917,"menu_order":0,"comment_status":"closed","ping_status":"closed","template":"page-publicacion.php","meta":{"_acf_changed":false,"footnotes":""},"categories":[428,447,448],"class_list":["post-13833","page","type-page","status-publish","has-post-thumbnail","hentry","category-publicacoes","category-artigos-redes-sociais","category-artigos-redes-sociais-2"],"acf":[],"_links":{"self":[{"href":"https:\/\/azurally.com\/pt\/wp-json\/wp\/v2\/pages\/13833","targetHints":{"allow":["GET"]}}],"collection":[{"href":"https:\/\/azurally.com\/pt\/wp-json\/wp\/v2\/pages"}],"about":[{"href":"https:\/\/azurally.com\/pt\/wp-json\/wp\/v2\/types\/page"}],"author":[{"embeddable":true,"href":"https:\/\/azurally.com\/pt\/wp-json\/wp\/v2\/users\/6"}],"replies":[{"embeddable":true,"href":"https:\/\/azurally.com\/pt\/wp-json\/wp\/v2\/comments?post=13833"}],"version-history":[{"count":0,"href":"https:\/\/azurally.com\/pt\/wp-json\/wp\/v2\/pages\/13833\/revisions"}],"up":[{"embeddable":true,"href":"https:\/\/azurally.com\/pt\/wp-json\/wp\/v2\/pages\/13917"}],"wp:featuredmedia":[{"embeddable":true,"href":"https:\/\/azurally.com\/pt\/wp-json\/wp\/v2\/media\/13835"}],"wp:attachment":[{"href":"https:\/\/azurally.com\/pt\/wp-json\/wp\/v2\/media?parent=13833"}],"wp:term":[{"taxonomy":"category","embeddable":true,"href":"https:\/\/azurally.com\/pt\/wp-json\/wp\/v2\/categories?post=13833"}],"curies":[{"name":"wp","href":"https:\/\/api.w.org\/{rel}","templated":true}]}}