{"id":13832,"date":"2024-10-23T16:12:55","date_gmt":"2024-10-23T14:12:55","guid":{"rendered":"https:\/\/azurally.com\/como-funciona-o-algoritmo-do-instagram"},"modified":"2026-02-26T09:35:13","modified_gmt":"2026-02-26T08:35:13","slug":"como-funciona-algoritmo-instagram","status":"publish","type":"page","link":"https:\/\/azurally.com\/pt\/agencia-digital\/redes-sociais\/artigos-redes-sociais\/como-funciona-algoritmo-instagram","title":{"rendered":"Como Funciona o Algoritmo do Instagram"},"content":{"rendered":"","protected":false},"excerpt":{"rendered":"<p>O algoritmo do Instagram \u00e9 como o Santo Graal para os criadores de conte\u00fados, o conceito m\u00e1gico que pode tornar qualquer conte\u00fado viral. A forma como a rede social preferida dos influenciadores funciona (por enquanto, e sem ofensa para aqueles que est\u00e3o a tentar tornar-se grandes no Tik Tok) \u00e9 como um grande mist\u00e9rio bem guardado.  Apesar de todos n\u00f3s imaginarmos algumas coisas, tentar entender pode parecer dif\u00edcil, mas segundo o pr\u00f3prio instagram \u00e9 mais simples do que parece. Vamos dar uma olhada nos destaques da atualiza\u00e7\u00e3o do algoritmo em 2023. <\/p>\n","protected":false},"author":6,"featured_media":13834,"parent":13917,"menu_order":0,"comment_status":"closed","ping_status":"closed","template":"page-publicacion.php","meta":{"_acf_changed":false,"footnotes":""},"categories":[428,447,448],"class_list":["post-13832","page","type-page","status-publish","has-post-thumbnail","hentry","category-publicacoes","category-artigos-redes-sociais","category-artigos-redes-sociais-2"],"acf":[],"_links":{"self":[{"href":"https:\/\/azurally.com\/pt\/wp-json\/wp\/v2\/pages\/13832","targetHints":{"allow":["GET"]}}],"collection":[{"href":"https:\/\/azurally.com\/pt\/wp-json\/wp\/v2\/pages"}],"about":[{"href":"https:\/\/azurally.com\/pt\/wp-json\/wp\/v2\/types\/page"}],"author":[{"embeddable":true,"href":"https:\/\/azurally.com\/pt\/wp-json\/wp\/v2\/users\/6"}],"replies":[{"embeddable":true,"href":"https:\/\/azurally.com\/pt\/wp-json\/wp\/v2\/comments?post=13832"}],"version-history":[{"count":0,"href":"https:\/\/azurally.com\/pt\/wp-json\/wp\/v2\/pages\/13832\/revisions"}],"up":[{"embeddable":true,"href":"https:\/\/azurally.com\/pt\/wp-json\/wp\/v2\/pages\/13917"}],"wp:featuredmedia":[{"embeddable":true,"href":"https:\/\/azurally.com\/pt\/wp-json\/wp\/v2\/media\/13834"}],"wp:attachment":[{"href":"https:\/\/azurally.com\/pt\/wp-json\/wp\/v2\/media?parent=13832"}],"wp:term":[{"taxonomy":"category","embeddable":true,"href":"https:\/\/azurally.com\/pt\/wp-json\/wp\/v2\/categories?post=13832"}],"curies":[{"name":"wp","href":"https:\/\/api.w.org\/{rel}","templated":true}]}}