{"id":13829,"date":"2024-10-23T16:09:06","date_gmt":"2024-10-23T14:09:06","guid":{"rendered":"https:\/\/azurally.com\/podcast-a-conquista-digital-da-radio"},"modified":"2026-02-26T09:35:52","modified_gmt":"2026-02-26T08:35:52","slug":"podcast-conquista-digital-radio","status":"publish","type":"page","link":"https:\/\/azurally.com\/pt\/agencia-digital\/redes-sociais\/artigos-redes-sociais\/podcast-conquista-digital-radio","title":{"rendered":"Podcast: A Conquista Digital da R\u00e1dio"},"content":{"rendered":"","protected":false},"excerpt":{"rendered":"<p>Era uma \u00e9poca muito diferente da atual. Em 2004, a revolu\u00e7\u00e3o digital, ainda na sua inf\u00e2ncia, estava a avan\u00e7ar a passos largos.  A ind\u00fastria musical estava a tremer no meio de uma tempestade sem precedentes provocada pelo boom do MP3, pela pirataria, pelas grandes plataformas de partilha de ficheiros P2P e por um dispositivo que iria mudar tudo: o iPod. No meio deste caldo de cultura, a r\u00e1dio, o segundo meio de comunica\u00e7\u00e3o social mais antigo, entrou no mundo digital, transformando-se num novo formato diferente do seu antecessor. 20 anos depois, o podcast, filho centen\u00e1rio da r\u00e1dio, n\u00e3o podia estar de melhor sa\u00fade. Como surgiu tudo isto, o que podemos esperar do formato no futuro e quais s\u00e3o as perspectivas em Espanha? Junta-te a n\u00f3s, Azurally conta-te tudo.      <\/p>\n","protected":false},"author":6,"featured_media":13831,"parent":13917,"menu_order":0,"comment_status":"closed","ping_status":"closed","template":"page-publicacion.php","meta":{"_acf_changed":false,"footnotes":""},"categories":[428,447,448],"class_list":["post-13829","page","type-page","status-publish","has-post-thumbnail","hentry","category-publicacoes","category-artigos-redes-sociais","category-artigos-redes-sociais-2"],"acf":[],"_links":{"self":[{"href":"https:\/\/azurally.com\/pt\/wp-json\/wp\/v2\/pages\/13829","targetHints":{"allow":["GET"]}}],"collection":[{"href":"https:\/\/azurally.com\/pt\/wp-json\/wp\/v2\/pages"}],"about":[{"href":"https:\/\/azurally.com\/pt\/wp-json\/wp\/v2\/types\/page"}],"author":[{"embeddable":true,"href":"https:\/\/azurally.com\/pt\/wp-json\/wp\/v2\/users\/6"}],"replies":[{"embeddable":true,"href":"https:\/\/azurally.com\/pt\/wp-json\/wp\/v2\/comments?post=13829"}],"version-history":[{"count":0,"href":"https:\/\/azurally.com\/pt\/wp-json\/wp\/v2\/pages\/13829\/revisions"}],"up":[{"embeddable":true,"href":"https:\/\/azurally.com\/pt\/wp-json\/wp\/v2\/pages\/13917"}],"wp:featuredmedia":[{"embeddable":true,"href":"https:\/\/azurally.com\/pt\/wp-json\/wp\/v2\/media\/13831"}],"wp:attachment":[{"href":"https:\/\/azurally.com\/pt\/wp-json\/wp\/v2\/media?parent=13829"}],"wp:term":[{"taxonomy":"category","embeddable":true,"href":"https:\/\/azurally.com\/pt\/wp-json\/wp\/v2\/categories?post=13829"}],"curies":[{"name":"wp","href":"https:\/\/api.w.org\/{rel}","templated":true}]}}